{"id":1149,"date":"2019-08-07T17:58:04","date_gmt":"2019-08-07T17:58:04","guid":{"rendered":"https:\/\/www.alu-kon.hr\/aluminijska-stolarija\/"},"modified":"2020-07-10T13:13:17","modified_gmt":"2020-07-10T13:13:17","slug":"fenster-und-turen-aus-aluminium","status":"publish","type":"page","link":"https:\/\/www.alu-kon.hr\/de\/fenster-und-turen-aus-aluminium\/","title":{"rendered":"FENSTER UND T\u00dcREN AUS ALUMINIUM"},"content":{"rendered":"\n    <h1><\/h1>\n    <span><span><a href=\"https:\/\/www.alu-kon.hr\/de\/\">Startseite<\/a><\/span><\/span>\n    <h2>\u00dcber Aluminium<\/h2>\n    <p>Aluminium ist in moderner Architektur ein wichtiges Material f\u00fcr die Herstellung von Fenster und T\u00fcren oder Beschl\u00e4ge wegen dessen ausgezeichneten mechanischen, thermalen und antikorrosiven Eigenschaften. \u00c4sthetisch wird ein elegantes und luxuri\u00f6ses Aussehen aller Fassaden, sowie des Interieurs, verliehen. Wegen ausgezeichneten mechanischen Eigenschaften, bzw. der hohen Festigkeit und Stabilit\u00e4t, ist es m\u00f6glich, auch gro\u00dfe Rahmen f\u00fcr Fenster und T\u00fcren herzustellen, was f\u00fcr mehr Licht im Raum sorgt.<\/p>\n    <img decoding=\"async\" src=\"\/wp-content\/uploads\/2019\/10\/o-aluminiju-2.jpg\" alt=\"O Aluminiju\">\n        <img decoding=\"async\" src=\"\/wp-content\/uploads\/2019\/09\/hot-icon.svg\" alt=\"\">\n        <h5>AUSGEZEICHNETE MECHANISCHE, THERMALE UND ANTIKORROSIVE EIGENSCHAFTEN<\/h5>\n        <img decoding=\"async\" src=\"\/wp-content\/uploads\/2019\/09\/diamond-icon.svg\" alt=\"\">\n        <h5>ELEGANTES UND LUXURI\u00d6SES AUSSEHEN<\/h5>\n        <img decoding=\"async\" src=\"\/wp-content\/uploads\/2019\/09\/shield-icon.svg\" alt=\"\">\n        <h5>HOHE FESTIGKEIT UND STABILIT\u00c4T<\/h5>\n    <img decoding=\"async\" src=\"\/wp-content\/uploads\/2019\/10\/o-aluminiju-3.jpg\" alt=\"Aluminijski profili za prozore\">\n    <h2>Aluprofile f\u00fcr Fenster<\/h2>\n    <p>Aluprofile f\u00fcr Fenster werden in Profile mit unterbrochener W\u00e4rmebr\u00fccke (warme) und Profile ohne Unterbrechung der W\u00e4rmebr\u00fccke (kalte) gegliedert. Kalte Profile werden in Innenr\u00e4umen und an solchen Orten benutzt, wo die W\u00e4rmed\u00e4mmung nicht wichtig ist. Aluminium, wie auch jedes andere Metall, ist ein guter W\u00e4rmeleiter. Allerdings werden mit der Einf\u00fchrung einer Unterbrechung der W\u00e4rmebr\u00fccke mit plastischen Verbindungsteilen zwischen der Au\u00dfen- und Innenseite der T\u00fcren und Fenster gute Isoliereigenschaften erzielt.<\/p>\n        <h2>Hast du Fragen? Kontaktieren Sie uns<\/h2>\n        <img decoding=\"async\" src=\"\/wp-content\/uploads\/2019\/08\/arrow.svg\" alt=\"Arrow\">\n        <a href=\"\/de\/kontakt\/\">Kontaktieren Sie uns<\/a>\n    <h2>Vorteile\/Kosteneffizienz<\/h2>\n            <img decoding=\"async\" src=\"\/wp-content\/uploads\/2019\/08\/molecular-logo.png\" alt=\"Antikorozivna svojstva\">\n            <h5>ANTIKORROSIVE EIGENSCHAFTEN<\/h5>\n            <p>Aluminium ist sehr stabil und wetterfest, da es an der Oberfl\u00e4che zur Bildung einer Schicht von Aluminiumoxid kommt, der ausgezeichnete antikorrosive Eigenschaften und H\u00e4rte hat.<\/p>\n            <img decoding=\"async\" src=\"\/wp-content\/uploads\/2019\/08\/pantone-logo.png\" alt=\"Ral sustav boja\">\n            <h5>RAL-FARBSYSTEM<\/h5>\n            <p>Alut\u00fcren und -fenster werden zus\u00e4tzlich in allen Farben des RAL-Farbsystems mit Pulverlack beschichtet, um ihre Nutzungsdauer und antikorrosive Eigenschaften zus\u00e4tzlich zu erh\u00f6hen.<\/p>\n            <img decoding=\"async\" src=\"\/wp-content\/uploads\/2019\/08\/coat-of-arms-logo.png\" alt=\"Plastificiranje\">\n            <h5>PULVERLACKIERUNG<\/h5>\n            <p>Die Pulverlackierung ist ein Verfahren wobei die Aluminiumoberfl\u00e4che gesch\u00fctzt wird, in dem positiv geladenes Farbenpulver auf das negativ geladene Aluminiumprofil aufgetragen wird. Mit Hilfe der Pulverlackierung kann jede Farbe und jedes Aussehen der Alufenster und -t\u00fcren, die der Investor w\u00fcnscht, erreicht werden.<\/p>\n\t<h4>Alufenster und -t\u00fcren sind langfristig kosteneffizient wegen ihrer Dauerhaftigkeit, Korrosionsbest\u00e4ndigkeit, Festigkeit und Qualit\u00e4t.<\/h4>\n    <h2>PULVERLACKIERUNG PROZESS\n<\/h2>\n            <h2>1<\/h2>\n            <p>Positiv geladenes Farbenpulver wird auf das negativ geladene Aluminiumprofil aufgetragen.<\/p>\n            <h2>2<\/h2>\n            <p>Das Profil wird samt Pulver in einen Spezialofen gebracht, wo das Pulver bei 180-200 \u00b0C schmilzt.<\/p>\n            <h2>3<\/h2>\n            <p>Bei der Schmelzung kommt es zur Polymerisation der Molek\u00fcle, wobei eine Schutzschicht von 50-70 \u00b5m entsteht.<\/p>\n    <h2>Recycling<\/h2>\n    <p>Aluminium ist umweltfreundlich, weil jede Komponente recycelt werden kann. Alle Materialien in Fenster und T\u00fcren aus Aluprofilen k\u00f6nnen leicht recycelt werden. Alle Komponenten k\u00f6nnen einfach voneinander getrennt werden, weshalb es egal ist, ob sie aus verschiedenen Materialien bestehen. Aluminiumrecycling ist ein einfacher Prozess, in dem die Eigenschaften von Aluminium erhalten bleiben. Die W\u00e4rmebr\u00fccke wird mit Polyamid (PA) unterbrochen. Polyamidrecycling erfolgt chemisch durch Depolymerisation, wodurch Polyamid auf die Basismolek\u00fcle zerlegt wird, die dann beliebig weiterverarbeitet werden k\u00f6nnen. Alle Dichtungen bestehen aus EPDM und das Recyclingverfahren von EPDM ist ganz einfach.<\/p>\n    <img decoding=\"async\" src=\"\/wp-content\/uploads\/2019\/08\/recycle.png\" alt=\"Recikliranje\">\n    <img decoding=\"async\" src=\"\/wp-content\/uploads\/2019\/08\/arrow.svg\" alt=\"Arrow\">\n    <h2>Warum ALU-KON?<\/h2>\n    <p>Die Firma Alu-kon hat durch ihre langj\u00e4hrige T\u00e4tigkeit in diesem Gebiet eine gro\u00dfe Erfahrung gesammelt, die es uns erm\u00f6glicht, alle Ihre W\u00fcnsche und Bed\u00fcrfnisse bez\u00fcglich Fassadensysteme zu erf\u00fcllen. Wir sind f\u00fcr Gesch\u00e4ftsgeb\u00e4ude und \u00f6ffentliche Geb\u00e4ude spezialisiert, deren komplette H\u00fclle aus einer Kombination von Glas-Alu-Fassaden, Alufenster und hinterl\u00fcfteten Fassaden besteht, wobei wir Profilsysteme und behandeltes Glas benutzen, die eine hohe W\u00e4rme- und Schalld\u00e4mmung erreichen.<\/p>\n            <img decoding=\"async\" src=\"\/wp-content\/uploads\/2019\/08\/schuco.png\" alt=\"Schuco Logo\">\n            <img decoding=\"async\" src=\"\/wp-content\/uploads\/2019\/08\/wicona.png\" alt=\"Wicona Logo\">\n            <img decoding=\"async\" src=\"\/wp-content\/uploads\/2019\/08\/reynaers-logo.png\" alt=\"Reynaers Logo\">\n            <img decoding=\"async\" src=\"\/wp-content\/uploads\/2019\/08\/feal_logo.png\" alt=\"Feal Logo\">\n","protected":false},"excerpt":{"rendered":"<p>\u00dcber Aluminium Aluminium ist in moderner Architektur ein wichtiges Material f\u00fcr die Herstellung von Fenster und T\u00fcren oder Beschl\u00e4ge wegen dessen ausgezeichneten mechanischen, thermalen und antikorrosiven Eigenschaften. \u00c4sthetisch wird ein elegantes und luxuri\u00f6ses Aussehen aller Fassaden, sowie des Interieurs, verliehen. Wegen ausgezeichneten mechanischen Eigenschaften, bzw. der hohen Festigkeit und Stabilit\u00e4t, ist es m\u00f6glich, auch gro\u00dfe [&hellip;]<\/p>\n","protected":false},"author":1,"featured_media":0,"parent":0,"menu_order":0,"comment_status":"closed","ping_status":"closed","template":"","meta":{"footnotes":""},"class_list":["post-1149","page","type-page","status-publish","hentry"],"yoast_head":"<!-- This site is optimized with the Yoast SEO plugin v27.4 - https:\/\/yoast.com\/product\/yoast-seo-wordpress\/ -->\n<title>FENSTER UND T\u00dcREN AUS ALUMINIUM - Alu-Kon<\/title>\n<meta name=\"robots\" content=\"index, follow, max-snippet:-1, max-image-preview:large, max-video-preview:-1\" \/>\n<link rel=\"canonical\" href=\"https:\/\/www.alu-kon.hr\/de\/fenster-und-turen-aus-aluminium\/\" \/>\n<meta property=\"og:locale\" content=\"de_DE\" \/>\n<meta property=\"og:type\" content=\"article\" \/>\n<meta property=\"og:title\" content=\"FENSTER UND T\u00dcREN AUS ALUMINIUM - Alu-Kon\" \/>\n<meta property=\"og:description\" content=\"\u00dcber Aluminium Aluminium ist in moderner Architektur ein wichtiges Material f\u00fcr die Herstellung von Fenster und T\u00fcren oder Beschl\u00e4ge wegen dessen ausgezeichneten mechanischen, thermalen und antikorrosiven Eigenschaften. \u00c4sthetisch wird ein elegantes und luxuri\u00f6ses Aussehen aller Fassaden, sowie des Interieurs, verliehen. Wegen ausgezeichneten mechanischen Eigenschaften, bzw. der hohen Festigkeit und Stabilit\u00e4t, ist es m\u00f6glich, auch gro\u00dfe [&hellip;]\" \/>\n<meta property=\"og:url\" content=\"https:\/\/www.alu-kon.hr\/de\/fenster-und-turen-aus-aluminium\/\" \/>\n<meta property=\"og:site_name\" content=\"Alu-Kon\" \/>\n<meta property=\"article:modified_time\" content=\"2020-07-10T13:13:17+00:00\" \/>\n<meta name=\"twitter:card\" content=\"summary_large_image\" \/>\n<meta name=\"twitter:label1\" content=\"Gesch\u00e4tzte Lesezeit\" \/>\n\t<meta name=\"twitter:data1\" content=\"3\u00a0Minuten\" \/>\n<script type=\"application\/ld+json\" class=\"yoast-schema-graph\">{\"@context\":\"https:\\\/\\\/schema.org\",\"@graph\":[{\"@type\":\"WebPage\",\"@id\":\"https:\\\/\\\/www.alu-kon.hr\\\/de\\\/fenster-und-turen-aus-aluminium\\\/\",\"url\":\"https:\\\/\\\/www.alu-kon.hr\\\/de\\\/fenster-und-turen-aus-aluminium\\\/\",\"name\":\"FENSTER UND T\u00dcREN AUS ALUMINIUM - Alu-Kon\",\"isPartOf\":{\"@id\":\"https:\\\/\\\/www.alu-kon.hr\\\/en\\\/#website\"},\"datePublished\":\"2019-08-07T17:58:04+00:00\",\"dateModified\":\"2020-07-10T13:13:17+00:00\",\"breadcrumb\":{\"@id\":\"https:\\\/\\\/www.alu-kon.hr\\\/de\\\/fenster-und-turen-aus-aluminium\\\/#breadcrumb\"},\"inLanguage\":\"de\",\"potentialAction\":[{\"@type\":\"ReadAction\",\"target\":[\"https:\\\/\\\/www.alu-kon.hr\\\/de\\\/fenster-und-turen-aus-aluminium\\\/\"]}]},{\"@type\":\"BreadcrumbList\",\"@id\":\"https:\\\/\\\/www.alu-kon.hr\\\/de\\\/fenster-und-turen-aus-aluminium\\\/#breadcrumb\",\"itemListElement\":[{\"@type\":\"ListItem\",\"position\":1,\"name\":\"Startseite\",\"item\":\"https:\\\/\\\/www.alu-kon.hr\\\/de\\\/\"},{\"@type\":\"ListItem\",\"position\":2,\"name\":\"FENSTER UND T\u00dcREN AUS ALUMINIUM\"}]},{\"@type\":\"WebSite\",\"@id\":\"https:\\\/\\\/www.alu-kon.hr\\\/en\\\/#website\",\"url\":\"https:\\\/\\\/www.alu-kon.hr\\\/en\\\/\",\"name\":\"Alu-Kon\",\"description\":\"Najbolja aluminijska stolarija\",\"potentialAction\":[{\"@type\":\"SearchAction\",\"target\":{\"@type\":\"EntryPoint\",\"urlTemplate\":\"https:\\\/\\\/www.alu-kon.hr\\\/en\\\/?s={search_term_string}\"},\"query-input\":{\"@type\":\"PropertyValueSpecification\",\"valueRequired\":true,\"valueName\":\"search_term_string\"}}],\"inLanguage\":\"de\"}]}<\/script>\n<!-- \/ Yoast SEO plugin. -->","yoast_head_json":{"title":"FENSTER UND T\u00dcREN AUS ALUMINIUM - Alu-Kon","robots":{"index":"index","follow":"follow","max-snippet":"max-snippet:-1","max-image-preview":"max-image-preview:large","max-video-preview":"max-video-preview:-1"},"canonical":"https:\/\/www.alu-kon.hr\/de\/fenster-und-turen-aus-aluminium\/","og_locale":"de_DE","og_type":"article","og_title":"FENSTER UND T\u00dcREN AUS ALUMINIUM - Alu-Kon","og_description":"\u00dcber Aluminium Aluminium ist in moderner Architektur ein wichtiges Material f\u00fcr die Herstellung von Fenster und T\u00fcren oder Beschl\u00e4ge wegen dessen ausgezeichneten mechanischen, thermalen und antikorrosiven Eigenschaften. \u00c4sthetisch wird ein elegantes und luxuri\u00f6ses Aussehen aller Fassaden, sowie des Interieurs, verliehen. Wegen ausgezeichneten mechanischen Eigenschaften, bzw. der hohen Festigkeit und Stabilit\u00e4t, ist es m\u00f6glich, auch gro\u00dfe [&hellip;]","og_url":"https:\/\/www.alu-kon.hr\/de\/fenster-und-turen-aus-aluminium\/","og_site_name":"Alu-Kon","article_modified_time":"2020-07-10T13:13:17+00:00","twitter_card":"summary_large_image","twitter_misc":{"Gesch\u00e4tzte Lesezeit":"3\u00a0Minuten"},"schema":{"@context":"https:\/\/schema.org","@graph":[{"@type":"WebPage","@id":"https:\/\/www.alu-kon.hr\/de\/fenster-und-turen-aus-aluminium\/","url":"https:\/\/www.alu-kon.hr\/de\/fenster-und-turen-aus-aluminium\/","name":"FENSTER UND T\u00dcREN AUS ALUMINIUM - Alu-Kon","isPartOf":{"@id":"https:\/\/www.alu-kon.hr\/en\/#website"},"datePublished":"2019-08-07T17:58:04+00:00","dateModified":"2020-07-10T13:13:17+00:00","breadcrumb":{"@id":"https:\/\/www.alu-kon.hr\/de\/fenster-und-turen-aus-aluminium\/#breadcrumb"},"inLanguage":"de","potentialAction":[{"@type":"ReadAction","target":["https:\/\/www.alu-kon.hr\/de\/fenster-und-turen-aus-aluminium\/"]}]},{"@type":"BreadcrumbList","@id":"https:\/\/www.alu-kon.hr\/de\/fenster-und-turen-aus-aluminium\/#breadcrumb","itemListElement":[{"@type":"ListItem","position":1,"name":"Startseite","item":"https:\/\/www.alu-kon.hr\/de\/"},{"@type":"ListItem","position":2,"name":"FENSTER UND T\u00dcREN AUS ALUMINIUM"}]},{"@type":"WebSite","@id":"https:\/\/www.alu-kon.hr\/en\/#website","url":"https:\/\/www.alu-kon.hr\/en\/","name":"Alu-Kon","description":"Najbolja aluminijska stolarija","potentialAction":[{"@type":"SearchAction","target":{"@type":"EntryPoint","urlTemplate":"https:\/\/www.alu-kon.hr\/en\/?s={search_term_string}"},"query-input":{"@type":"PropertyValueSpecification","valueRequired":true,"valueName":"search_term_string"}}],"inLanguage":"de"}]}},"_links":{"self":[{"href":"https:\/\/www.alu-kon.hr\/de\/wp-json\/wp\/v2\/pages\/1149","targetHints":{"allow":["GET"]}}],"collection":[{"href":"https:\/\/www.alu-kon.hr\/de\/wp-json\/wp\/v2\/pages"}],"about":[{"href":"https:\/\/www.alu-kon.hr\/de\/wp-json\/wp\/v2\/types\/page"}],"author":[{"embeddable":true,"href":"https:\/\/www.alu-kon.hr\/de\/wp-json\/wp\/v2\/users\/1"}],"replies":[{"embeddable":true,"href":"https:\/\/www.alu-kon.hr\/de\/wp-json\/wp\/v2\/comments?post=1149"}],"version-history":[{"count":0,"href":"https:\/\/www.alu-kon.hr\/de\/wp-json\/wp\/v2\/pages\/1149\/revisions"}],"wp:attachment":[{"href":"https:\/\/www.alu-kon.hr\/de\/wp-json\/wp\/v2\/media?parent=1149"}],"curies":[{"name":"wp","href":"https:\/\/api.w.org\/{rel}","templated":true}]}}