{"id":1155,"date":"2019-10-13T18:01:09","date_gmt":"2019-10-13T18:01:09","guid":{"rendered":"https:\/\/www.alu-kon.hr\/izjava-o-zastiti-privatnosti\/"},"modified":"2022-01-21T17:50:06","modified_gmt":"2022-01-21T17:50:06","slug":"datenschutzerklarung","status":"publish","type":"page","link":"https:\/\/www.alu-kon.hr\/de\/datenschutzerklarung\/","title":{"rendered":"DATENSCHUTZERKL\u00c4RUNG"},"content":{"rendered":"\n\n    <span><span><a href=\"https:\/\/www.alu-kon.hr\/de\/\">Startseite<\/a><\/span><\/span>\n\t<h1>Datenschutzerkl\u00e4rung<\/h1>\n<p>ALU-KON d.o.o. respektiert insbesondere das Privatleben der Besucher und Benutzer seiner Website www.alu-kon.hr (im Folgenden: Webseite). Diese Datenschutzerkl\u00e4rung regelt die Erhebung und Verwendung personenbezogener Daten von Besuchern der Website und die Verwendung von Cookies. Alle vom Besucher gesendeten oder automatisch aufgezeichneten Informationen werden ausschlie\u00dflich in \u00dcbereinstimmung mit dieser Erkl\u00e4rung und den Bestimmungen des Datenschutzgesetzes verwendet.<\/p>\n<p><strong>Erhebung und Verwendung personenbezogener Daten<\/strong><\/p>\n<p>Das Surfen auf der Website ist anonym und es werden keine Informationen gesammelt, die Ihre pers\u00f6nliche Identifizierung bekannt geben, wie Name, Adresse, Telefonnummer oder E-Mail-Adresse (im Folgenden: personenbezogene Daten). Wir werden Sie insbesondere warnen, wenn wir Ihre personenbezogenen Daten ben\u00f6tigen, die es uns erm\u00f6glichen, die Kommunikation herzustellen, Ihre Anfrage zu bearbeiten und Ihnen die von Ihnen gew\u00fcnschte Dienstleistung zu erbringen. Durch die Eingabe personenbezogener Daten in die daf\u00fcr vorgesehenen Felder best\u00e4tigen Sie, dass Sie uns Ihre personenbezogenen Daten freiwillig zur Verf\u00fcgung gestellt haben und deren Nutzung zum Zwecke der Kontaktaufnahme mit Ihnen erlauben. ALU-KON d.o.o. verpflichtet sich, Ihre personenbezogenen Daten ohne Ihre vorherige Zustimmung nicht f\u00fcr kommerzielle Zwecke zu verwenden. Zum Zwecke der Erhebung personenbezogener Daten, und im Zusammenhang mit der Besucherstatistik der Webseiten, werden automatisch damit verbundene Informationen gesammelt, die Ihre IP-Adresse, Browserart, Domainname, Zugriffszeit, Adresse der Webseite von der der Webseite zugegriffen wurde, wie auch \u00e4hnliche Daten beinhalten k\u00f6nnen, die gew\u00f6hnlich f\u00fcr eine Webseitenstatistik gesammelt werden. ALU-KON d.o.o. kann die gesammelten Daten zum Zwecke der Bereitstellung von effizienteren Kundendienstleistungen, der einfacheren Nutzung der Webseite durch Entfernung des Bed\u00fcrfnisses, die gleichen Daten oft einzutragen, oder der Anpassung der Webseite an Ihre pers\u00f6nlichen Neigungen und Interessen nutzen.<\/p>\n<p><strong>Sicherheit personenbezogener Daten<\/strong><\/p>\n<p>ALU-KON d.o.o. verkauft, mietet und leiht personenbezogene Daten der Webseitennutzer nicht an Drittanbieter und sch\u00fctzt Ihre personenbezogene Daten von einem unbefugten Zugriff. Daten auf Computerservern werden in einem kontrollierten, sicheren Umfeld gespeichert. Die Empf\u00e4nger Ihrer personenbezogenen Daten werden ausschlie\u00dflich auf befugte Personen begrenzt, die wegen ihrer Funktionen Ihre personenbezogene Daten wissen d\u00fcrfen. ALU-KON d.o.o. wird Ihre personenbezogene Daten mit zuverl\u00e4ssigen Gesch\u00e4ftspartnern teilen, an die sich ALU-KON d.o.o. wendet, um Ihren Antrag zu bearbeiten. Sie haben eine vertragliche Verpflichtung, die Vertraulichkeit und Sicherheit der Daten, die sie bekommen, zu sch\u00e4tzen und d\u00fcrfen sie nur f\u00fcr zugeteilte Aufgaben benutzen.<\/p>\n<p><strong>Verwendung von Cookies<\/strong><\/p>\n<p>ALU-KON d.o.o. und ihre Webseite verwenden Cookies. Damit der Besuch unserer Webseite m\u00f6glichst angenehm ist, ist es n\u00f6tig, auf ihr Computer, Tablet oder Mobilger\u00e4t eine kleine Menge an Informationen, sog. Cookies zu speichern. Cookies dienen dazu, dass die Webseite optimal funktioniert und dass wir in der Lage sind, weitere Verbesserungen auf der Webseite zu machen, um Ihre Browsingerfahrung zu verbessern. Durch die Verwendung der Webseite stimmen Sie der Nutzung von Cookies zu Sie k\u00f6nnen Cookies blockieren und danach weiterhin auf der Webseite surfen,aber einige ihrer M\u00f6glichkeiten werden nicht verf\u00fcgbar sein.<\/p>\n<p><strong>Was ist ein Cookie?<\/strong><\/p>\n<p>Ein Cookie ist eine Information, die auf Ihrem Computer, Tablet oder Mobilger\u00e4t gespeichert ist und die unmittelbar von der Webseite geliefert werden kann, die Sie besuchen (Cookies von Erstanbietern) oder von anderen Webseiten, deren Links sich auf der Webseite befinden, auf der Sie surfen (Cookies von Drittanbietern). Normalerweise speichern Cookies Ihre Einstellungen f\u00fcr die Webseite, wie z.B. Die bevorzugte Sprache oder \u00e4hnliche Einstellungen. Wenn Sie die gleiche Webseite sp\u00e4ter wieder \u00f6ffnen, schickt der Browser die Cookies zur\u00fcck, die der Webseite geh\u00f6ren. Das erm\u00f6glicht der Webseite, die Informationen zu zeigen, die Ihren Bed\u00fcrfnissen angepasst sind. Cookies k\u00f6nnen eine Vielzahl an Informationen speichern, einschlie\u00dflich eines Teiles pers\u00f6nlicher Informationen. Diese Informationen k\u00f6nnen nur dann gespeichert werden, wenn Sie es erm\u00f6glichen &#8211; Webseiten k\u00f6nnen keinen Zugang zu Informationen bekommen, die Sie ihnen nicht gegeben haben und k\u00f6nnen auf andere Dateien auf Ihrem Computer nicht zugreifen.<\/p>\n<p><strong>Verwendung von Cookies auf der Webseite<\/strong><\/p>\n<p>Die Webseite verwendet Cookies, um ihren Nutzern eine bessere Benutzererfahrung zu erm\u00f6glichen. Wenn Sie die Webseite verwenden, gibt es auch die M\u00f6glichkeit, Cookies von \u201eDrittanbietern&#8220; zu erhalten. Die Webseite verwendet Cookies auch um die Besucherstatistik der Webseite zu verfolgen, sodass sie erforderliche Informationen \u00fcber die Leistung der Webseite bekommt und dabei auch eine Dienstleistung von Drittanbietern nutzt, die Google Analytics hei\u00dft. Die Webseite verwendet Cookies auch f\u00fcr Werbung f\u00fcr Produkte\/Dienstleistungen, und zwar auf der Webseite selbst, aber auch auf Benutzeroberfl\u00e4chen und durch die Verwendung von Remarketing auf der Dienstleistung Google Analytics. Durch die Verwendung von Cookies zeigen Drittanbieter (einschlie\u00dflich Google) in Zusammenarbeit mit ALU-KON d.o.o. Anzeigen auf Netzstandorten im ganzen Internet. Wir betonen besonders, dass Sie die Dienstleistungen von Google Analytics f\u00fcr Werbung auf der Benutzeroberfl\u00e4che ausschalten und Anzeigen f\u00fcr Googles Benutzeroberfl\u00e4che mithilfe des Tools Einstellungen f\u00fcr Werbung anpassen k\u00f6nnen (<a href=\"http:\/\/www.google.com\/settings\/ads\"><strong>http:\/\/www.google.com\/settings\/ads<\/strong><\/a>). Au\u00dferdem benutzen wir f\u00fcr die Planung der Ver\u00f6ffentlichung von Inhalten, die Ihren Interessen angemessen sind, und der zuk\u00fcnftigen Marketingkampagnen das Tool Google Analytics Demographics and Interest Reporting, wo wir die Daten von Googles Werbung aufgrund der Interessen oder Daten \u00fcber das Publikum des Drittanbieters (z.B. Alter, Geschlecht und Interessen) nutzen k\u00f6nnen. Weitere Informationen des Drittanbieters \u00fcber diese Dienstleistung, wie auch \u00fcber Nutzerm\u00f6glichkeiten, die Einstellungen von Cookies zu regulieren, die daf\u00fcr notwendig sind, sind verf\u00fcgbar auf:\u00a0<a href=\"http:\/\/www.google.com\/analytics\/learn\/privacy.html\"><strong>http:\/\/www.google.com\/analytics\/learn\/privacy.html<\/strong><\/a><\/p>\n<p><strong>Wie blockiert man Cookies?<\/strong><\/p>\n<p>Wenn Sie wollen, k\u00f6nnen Sie das Speichern von Cookies auf ihren Computer blockieren, aber das Blockieren aller Cookies k\u00f6nnte eine negative Auswirkung auf viele Webseiten haben, wie auch unsere Webseite. Einstellungen von Cookies k\u00f6nnen auf Ihrem Browser kontrolliert und konfiguriert werden. Wenn Sie Cookies auf Ihrem Computer l\u00f6schen oder blockieren wollen, m\u00fcssen Sie die Einstellungen Ihres Browsers aktualisieren (Informationen \u00fcber L\u00f6schverfahren und Blockieren von Cookies finden Sie auf Ihrem Browser durch die Auswahl des Hilfemen\u00fcs).<\/p>\n<p><strong>Datenzugriffsrecht und Daten\u00e4nderung<\/strong><\/p>\n<p>Wenn Sie dies beantragen, werden wir Sie \u00fcber Ihre pers\u00f6nlichen Daten informieren, die wir bearbeiten, wie auch \u00fcber die Quelle dieser Daten. Wir werden Ihnen die Einsicht in die Aufzeichnung der Sammlung von pers\u00f6nlichen Daten erm\u00f6glichen, die Einsicht in pers\u00f6nliche Daten, die sich in der Sammlung befinden, wie auch die Abschrift dieser Daten. Wir liefern Ihnen Ausz\u00fcge, Best\u00e4tigungen oder Ausdr\u00fccke pers\u00f6nlicher Daten, die sich in der Sammlung von pers\u00f6nlichen Daten befindet, die Sie betreffen, mit Angabe f\u00fcr Zweck und Rechtsgrundlage f\u00fcr die Erhebung, Bearbeitung und Verwendung dieser Daten. Wir liefern Ihnen einen Ausdruck von Daten dar\u00fcber, wer, wof\u00fcr und mit welcher Rechtsgrundlage Ihre pers\u00f6nlichen Daten benutzen darf und geben Ihnen \u00fcber die Logik irgendeiner automatischen Datenverarbeitung Ihrer pers\u00f6nlichen Daten Bescheid. Auf Ihr Verlangen erg\u00e4nzen, \u00e4ndern oder l\u00f6schen wir Ihre pers\u00f6nlichen Daten, wenn diese unvollst\u00e4ndig, falsch oder nicht aktuell sind, und wenn ihre Verarbeitung keinen Rechtsvorschriften entspricht.<\/p>\n<p><strong>Zus\u00e4tzliche Informationen<\/strong><\/p>\n<p>Die Webseite kann Links beinhalten, die zu Webseiten von Drittanbietern f\u00fchren kann. ALU-KON d.o.o. kontrolliert diese Webseiten nicht und kann keine Verantwortung daf\u00fcr \u00fcbernehmen, wie sie sich um Datenvertraulichkeit oder f\u00fcr ihren Inhalt k\u00fcmmern. Wir empfehlen Ihnen, die Datenschutzbestimmungen auf diesen Webseiten zu lesen, bevor Sie sie verwenden, und besonders bevor Sie Ihre pers\u00f6nlichen Daten bereitstellen.<\/p>\n<p>ALU-KON d.o.o. wird Ihre Kommentare und Vorschl\u00e4ge zu dieser Datenschutzerkl\u00e4rung, wie auch andere Anmerkungen gerne annehmen. Das Datenzugriffsrecht wie auch die \u00c4nderung, Erg\u00e4nzung oder L\u00f6schung von pers\u00f6nlichen Daten f\u00fchren wir auf schriftlichen Antrag aus, gerichtet an die E-Mail-Adresse:\u00a0<a href=\"mailto:alu-kon@alu-kon.hr\"><strong>alu-kon@alu-kon.hr<\/strong><\/a><\/p>\n\n","protected":false},"excerpt":{"rendered":"<p>Datenschutzerkl\u00e4rung ALU-KON d.o.o. respektiert insbesondere das Privatleben der Besucher und Benutzer seiner Website www.alu-kon.hr (im Folgenden: Webseite). Diese Datenschutzerkl\u00e4rung regelt die Erhebung und Verwendung personenbezogener Daten von Besuchern der Website und die Verwendung von Cookies. Alle vom Besucher gesendeten oder automatisch aufgezeichneten Informationen werden ausschlie\u00dflich in \u00dcbereinstimmung mit dieser Erkl\u00e4rung und den Bestimmungen des Datenschutzgesetzes [&hellip;]<\/p>\n","protected":false},"author":1,"featured_media":0,"parent":0,"menu_order":0,"comment_status":"closed","ping_status":"closed","template":"","meta":{"footnotes":""},"class_list":["post-1155","page","type-page","status-publish","hentry"],"yoast_head":"<!-- This site is optimized with the Yoast SEO plugin v27.4 - https:\/\/yoast.com\/product\/yoast-seo-wordpress\/ -->\n<title>DATENSCHUTZERKL\u00c4RUNG - Alu-Kon<\/title>\n<meta name=\"robots\" content=\"index, follow, max-snippet:-1, max-image-preview:large, max-video-preview:-1\" \/>\n<link rel=\"canonical\" href=\"https:\/\/www.alu-kon.hr\/de\/datenschutzerklarung\/\" \/>\n<meta property=\"og:locale\" content=\"de_DE\" \/>\n<meta property=\"og:type\" content=\"article\" \/>\n<meta property=\"og:title\" content=\"DATENSCHUTZERKL\u00c4RUNG - Alu-Kon\" \/>\n<meta property=\"og:description\" content=\"Datenschutzerkl\u00e4rung ALU-KON d.o.o. respektiert insbesondere das Privatleben der Besucher und Benutzer seiner Website www.alu-kon.hr (im Folgenden: Webseite). Diese Datenschutzerkl\u00e4rung regelt die Erhebung und Verwendung personenbezogener Daten von Besuchern der Website und die Verwendung von Cookies. Alle vom Besucher gesendeten oder automatisch aufgezeichneten Informationen werden ausschlie\u00dflich in \u00dcbereinstimmung mit dieser Erkl\u00e4rung und den Bestimmungen des Datenschutzgesetzes [&hellip;]\" \/>\n<meta property=\"og:url\" content=\"https:\/\/www.alu-kon.hr\/de\/datenschutzerklarung\/\" \/>\n<meta property=\"og:site_name\" content=\"Alu-Kon\" \/>\n<meta property=\"article:modified_time\" content=\"2022-01-21T17:50:06+00:00\" \/>\n<meta name=\"twitter:card\" content=\"summary_large_image\" \/>\n<meta name=\"twitter:label1\" content=\"Gesch\u00e4tzte Lesezeit\" \/>\n\t<meta name=\"twitter:data1\" content=\"6\u00a0Minuten\" \/>\n<script type=\"application\/ld+json\" class=\"yoast-schema-graph\">{\"@context\":\"https:\\\/\\\/schema.org\",\"@graph\":[{\"@type\":\"WebPage\",\"@id\":\"https:\\\/\\\/www.alu-kon.hr\\\/de\\\/datenschutzerklarung\\\/\",\"url\":\"https:\\\/\\\/www.alu-kon.hr\\\/de\\\/datenschutzerklarung\\\/\",\"name\":\"DATENSCHUTZERKL\u00c4RUNG - Alu-Kon\",\"isPartOf\":{\"@id\":\"https:\\\/\\\/www.alu-kon.hr\\\/en\\\/#website\"},\"datePublished\":\"2019-10-13T18:01:09+00:00\",\"dateModified\":\"2022-01-21T17:50:06+00:00\",\"breadcrumb\":{\"@id\":\"https:\\\/\\\/www.alu-kon.hr\\\/de\\\/datenschutzerklarung\\\/#breadcrumb\"},\"inLanguage\":\"de\",\"potentialAction\":[{\"@type\":\"ReadAction\",\"target\":[\"https:\\\/\\\/www.alu-kon.hr\\\/de\\\/datenschutzerklarung\\\/\"]}]},{\"@type\":\"BreadcrumbList\",\"@id\":\"https:\\\/\\\/www.alu-kon.hr\\\/de\\\/datenschutzerklarung\\\/#breadcrumb\",\"itemListElement\":[{\"@type\":\"ListItem\",\"position\":1,\"name\":\"Startseite\",\"item\":\"https:\\\/\\\/www.alu-kon.hr\\\/de\\\/\"},{\"@type\":\"ListItem\",\"position\":2,\"name\":\"DATENSCHUTZERKL\u00c4RUNG\"}]},{\"@type\":\"WebSite\",\"@id\":\"https:\\\/\\\/www.alu-kon.hr\\\/en\\\/#website\",\"url\":\"https:\\\/\\\/www.alu-kon.hr\\\/en\\\/\",\"name\":\"Alu-Kon\",\"description\":\"Najbolja aluminijska stolarija\",\"potentialAction\":[{\"@type\":\"SearchAction\",\"target\":{\"@type\":\"EntryPoint\",\"urlTemplate\":\"https:\\\/\\\/www.alu-kon.hr\\\/en\\\/?s={search_term_string}\"},\"query-input\":{\"@type\":\"PropertyValueSpecification\",\"valueRequired\":true,\"valueName\":\"search_term_string\"}}],\"inLanguage\":\"de\"}]}<\/script>\n<!-- \/ Yoast SEO plugin. -->","yoast_head_json":{"title":"DATENSCHUTZERKL\u00c4RUNG - Alu-Kon","robots":{"index":"index","follow":"follow","max-snippet":"max-snippet:-1","max-image-preview":"max-image-preview:large","max-video-preview":"max-video-preview:-1"},"canonical":"https:\/\/www.alu-kon.hr\/de\/datenschutzerklarung\/","og_locale":"de_DE","og_type":"article","og_title":"DATENSCHUTZERKL\u00c4RUNG - Alu-Kon","og_description":"Datenschutzerkl\u00e4rung ALU-KON d.o.o. respektiert insbesondere das Privatleben der Besucher und Benutzer seiner Website www.alu-kon.hr (im Folgenden: Webseite). Diese Datenschutzerkl\u00e4rung regelt die Erhebung und Verwendung personenbezogener Daten von Besuchern der Website und die Verwendung von Cookies. Alle vom Besucher gesendeten oder automatisch aufgezeichneten Informationen werden ausschlie\u00dflich in \u00dcbereinstimmung mit dieser Erkl\u00e4rung und den Bestimmungen des Datenschutzgesetzes [&hellip;]","og_url":"https:\/\/www.alu-kon.hr\/de\/datenschutzerklarung\/","og_site_name":"Alu-Kon","article_modified_time":"2022-01-21T17:50:06+00:00","twitter_card":"summary_large_image","twitter_misc":{"Gesch\u00e4tzte Lesezeit":"6\u00a0Minuten"},"schema":{"@context":"https:\/\/schema.org","@graph":[{"@type":"WebPage","@id":"https:\/\/www.alu-kon.hr\/de\/datenschutzerklarung\/","url":"https:\/\/www.alu-kon.hr\/de\/datenschutzerklarung\/","name":"DATENSCHUTZERKL\u00c4RUNG - Alu-Kon","isPartOf":{"@id":"https:\/\/www.alu-kon.hr\/en\/#website"},"datePublished":"2019-10-13T18:01:09+00:00","dateModified":"2022-01-21T17:50:06+00:00","breadcrumb":{"@id":"https:\/\/www.alu-kon.hr\/de\/datenschutzerklarung\/#breadcrumb"},"inLanguage":"de","potentialAction":[{"@type":"ReadAction","target":["https:\/\/www.alu-kon.hr\/de\/datenschutzerklarung\/"]}]},{"@type":"BreadcrumbList","@id":"https:\/\/www.alu-kon.hr\/de\/datenschutzerklarung\/#breadcrumb","itemListElement":[{"@type":"ListItem","position":1,"name":"Startseite","item":"https:\/\/www.alu-kon.hr\/de\/"},{"@type":"ListItem","position":2,"name":"DATENSCHUTZERKL\u00c4RUNG"}]},{"@type":"WebSite","@id":"https:\/\/www.alu-kon.hr\/en\/#website","url":"https:\/\/www.alu-kon.hr\/en\/","name":"Alu-Kon","description":"Najbolja aluminijska stolarija","potentialAction":[{"@type":"SearchAction","target":{"@type":"EntryPoint","urlTemplate":"https:\/\/www.alu-kon.hr\/en\/?s={search_term_string}"},"query-input":{"@type":"PropertyValueSpecification","valueRequired":true,"valueName":"search_term_string"}}],"inLanguage":"de"}]}},"_links":{"self":[{"href":"https:\/\/www.alu-kon.hr\/de\/wp-json\/wp\/v2\/pages\/1155","targetHints":{"allow":["GET"]}}],"collection":[{"href":"https:\/\/www.alu-kon.hr\/de\/wp-json\/wp\/v2\/pages"}],"about":[{"href":"https:\/\/www.alu-kon.hr\/de\/wp-json\/wp\/v2\/types\/page"}],"author":[{"embeddable":true,"href":"https:\/\/www.alu-kon.hr\/de\/wp-json\/wp\/v2\/users\/1"}],"replies":[{"embeddable":true,"href":"https:\/\/www.alu-kon.hr\/de\/wp-json\/wp\/v2\/comments?post=1155"}],"version-history":[{"count":0,"href":"https:\/\/www.alu-kon.hr\/de\/wp-json\/wp\/v2\/pages\/1155\/revisions"}],"wp:attachment":[{"href":"https:\/\/www.alu-kon.hr\/de\/wp-json\/wp\/v2\/media?parent=1155"}],"curies":[{"name":"wp","href":"https:\/\/api.w.org\/{rel}","templated":true}]}}