{"id":1156,"date":"2019-08-31T14:43:15","date_gmt":"2019-08-31T14:43:15","guid":{"rendered":"https:\/\/www.alu-kon.hr\/katalozi\/"},"modified":"2020-07-10T14:03:07","modified_gmt":"2020-07-10T14:03:07","slug":"unser-katalog","status":"publish","type":"page","link":"https:\/\/www.alu-kon.hr\/de\/unser-katalog\/","title":{"rendered":"Katalog"},"content":{"rendered":"\n    <h1><\/h1>\n    <span><span><a href=\"https:\/\/www.alu-kon.hr\/de\/\">Startseite<\/a><\/span><\/span>\n\t<p>Hier k\u00f6nnen Sie alle bisher gedruckte Kataloge der Firma Alu-kon herunterladen oder lesen.<\/p>\n\n\n\n<div id=\"wpv-view-layout-1279\" class=\"js-wpv-view-layout js-wpv-layout-responsive js-wpv-view-layout-1279\" data-viewnumber=\"1279\" data-pagination=\"{&quot;id&quot;:1279,&quot;query&quot;:&quot;normal&quot;,&quot;type&quot;:&quot;disabled&quot;,&quot;effect&quot;:&quot;fade&quot;,&quot;duration&quot;:500,&quot;speed&quot;:5,&quot;pause_on_hover&quot;:&quot;disabled&quot;,&quot;stop_rollover&quot;:&quot;false&quot;,&quot;cache_pages&quot;:&quot;enabled&quot;,&quot;preload_images&quot;:&quot;enabled&quot;,&quot;preload_pages&quot;:&quot;enabled&quot;,&quot;preload_reach&quot;:1,&quot;spinner&quot;:&quot;builtin&quot;,&quot;spinner_image&quot;:&quot;https:\/\/www.alu-kon.hr\/wp-content\/plugins\/wp-views\/embedded\/res\/img\/ajax-loader.gif&quot;,&quot;callback_next&quot;:&quot;&quot;,&quot;manage_history&quot;:&quot;enabled&quot;,&quot;has_controls_in_form&quot;:&quot;disabled&quot;,&quot;infinite_tolerance&quot;:&quot;0&quot;,&quot;max_pages&quot;:0,&quot;page&quot;:1,&quot;base_permalink&quot;:&quot;\/de\/wp-json\/wp\/v2\/pages\/1156?wpv_view_count=1279&amp;wpv_paged=WPV_PAGE_NUM&quot;,&quot;loop&quot;:{&quot;type&quot;:&quot;&quot;,&quot;name&quot;:&quot;&quot;,&quot;data&quot;:[],&quot;id&quot;:0}}\" data-permalink=\"\/de\/wp-json\/wp\/v2\/pages\/1156?wpv_view_count=1279\">\n\n\t \n\t \n\t\t<div class=\"catalog__loop\">\n\t\t\n          <div class=\"catalog-single relative-container\" style='background-image:url(https:\/\/www.alu-kon.hr\/wp-content\/uploads\/2019\/08\/green-gold-1.png)'>\n              <a class=\"absolute-link\" href=\"https:\/\/www.alu-kon.hr\/wp-content\/uploads\/2019\/08\/ak1.pdf\" target=\"_blank\"><\/a>\n              <h4>Katalog 1<\/h4>\n              <a href=\"https:\/\/www.alu-kon.hr\/wp-content\/uploads\/2019\/08\/ak1.pdf\" class=\"catalog-button\" target=\"_blank\">LESEN<\/a>\n          <\/div>\n\t\t\n          <div class=\"catalog-single relative-container\" style='background-image:url(https:\/\/www.alu-kon.hr\/wp-content\/uploads\/2019\/08\/doubletree-1.png)'>\n              <a class=\"absolute-link\" href=\"https:\/\/www.alu-kon.hr\/wp-content\/uploads\/2019\/08\/ak2.pdf\" target=\"_blank\"><\/a>\n              <h4>Katalog 2<\/h4>\n              <a href=\"https:\/\/www.alu-kon.hr\/wp-content\/uploads\/2019\/08\/ak2.pdf\" class=\"catalog-button\" target=\"_blank\">LESEN<\/a>\n          <\/div>\n\t\t\n          <div class=\"catalog-single relative-container\" style='background-image:url(https:\/\/www.alu-kon.hr\/wp-content\/uploads\/2019\/08\/zaprudski-otok-1.png)'>\n              <a class=\"absolute-link\" href=\"https:\/\/www.alu-kon.hr\/wp-content\/uploads\/2019\/08\/ak3.pdf\" target=\"_blank\"><\/a>\n              <h4>Katalog 3<\/h4>\n              <a href=\"https:\/\/www.alu-kon.hr\/wp-content\/uploads\/2019\/08\/ak3.pdf\" class=\"catalog-button\" target=\"_blank\">LESEN<\/a>\n          <\/div>\n\t\t\n\t\t<\/div>\n\t\n\t\n\t\n<\/div>\n\n            <h6>ALU-KON GORI\u010cICA<\/h6>\n            <h6>10382 Donja Zelina, Kroatien<\/h6>\n            <h6>ALU-KON ZAGREB-OFFICE<\/h6>\n            <h6>10000 Zagreb, Kroatien<\/h6>\n            <a href=\"https:\/\/goo.gl\/maps\/sYKsMdGMqM5RayN4A\" target=\"_blank\" rel=\"noopener noreferrer\">\n                Paukove\u010dka c.23\n            <\/a>\n            <a href=\"tel:38512065746\">\n                +385 1 2065 746\n            <\/a>\n            <a href=\"tel:38512065826\">\n                +385 1 2065 826\n            <\/a>\n            <a href=\"mailto:alu-kon@alu-kon.hr\">\n                alu-kon@alu-kon.hr\n            <\/a>\n            <a href=\"https:\/\/goo.gl\/maps\/ztpaAgNf59FSoWLR6\" target=\"_blank\" rel=\"noopener noreferrer\">\n                Donje Svetice 33\n            <\/a>\n            <a href=\"tel:385989806090\">\n                +385 98 980 6090\n            <\/a>\n            <h6>ALU-KON GORI\u010cICA<\/h6>\n            <h6>10382 Donja Zelina, Hrvatska<\/h6>\n\t\t\t<hr>\n\t\t\t<a href=\"https:\/\/goo.gl\/maps\/sYKsMdGMqM5RayN4A\" target=\"_blank\" rel=\"noopener noreferrer\">\n                Paukove\u010dka c.23\n            <\/a>\n            <a href=\"tel:38512065746\">\n                +385 1 2065 746\n            <\/a>\n            <a href=\"tel:38512065826\">\n                +385 1 2065 826\n            <\/a>\n            <a href=\"mailto:alu-kon@alu-kon.hr\">\n                alu-kon@alu-kon.hr\n            <\/a>\n            <h6>ALU-KON URED-ZAGREB<\/h6>\n            <h6>10000 Zagreb, Hrvatska<\/h6>\n\t\t\t<hr>\n\t\t\t<a href=\"https:\/\/goo.gl\/maps\/ztpaAgNf59FSoWLR6\" target=\"_blank\" rel=\"noopener noreferrer\">\n                Donje Svetice 33\n            <\/a>\n            <a href=\"tel:385989806090\">\n                +385 98 980 6090\n            <\/a>\n","protected":false},"excerpt":{"rendered":"<p>Hier k\u00f6nnen Sie alle bisher gedruckte Kataloge der Firma Alu-kon herunterladen oder lesen. ALU-KON GORI\u010cICA 10382 Donja Zelina, Kroatien ALU-KON ZAGREB-OFFICE 10000 Zagreb, Kroatien Paukove\u010dka c.23 +385 1 2065 746 +385 1 2065 826 alu-kon@alu-kon.hr Donje Svetice 33 +385 98 980 6090 ALU-KON GORI\u010cICA 10382 Donja Zelina, Hrvatska Paukove\u010dka c.23 +385 1 2065 746 +385 [&hellip;]<\/p>\n","protected":false},"author":1,"featured_media":0,"parent":0,"menu_order":0,"comment_status":"closed","ping_status":"closed","template":"","meta":{"footnotes":""},"class_list":["post-1156","page","type-page","status-publish","hentry"],"yoast_head":"<!-- This site is optimized with the Yoast SEO plugin v27.4 - https:\/\/yoast.com\/product\/yoast-seo-wordpress\/ -->\n<title>Katalog - Alu-Kon<\/title>\n<meta name=\"robots\" content=\"index, follow, max-snippet:-1, max-image-preview:large, max-video-preview:-1\" \/>\n<link rel=\"canonical\" href=\"https:\/\/www.alu-kon.hr\/de\/unser-katalog\/\" \/>\n<meta property=\"og:locale\" content=\"de_DE\" \/>\n<meta property=\"og:type\" content=\"article\" \/>\n<meta property=\"og:title\" content=\"Katalog - Alu-Kon\" \/>\n<meta property=\"og:description\" content=\"Hier k\u00f6nnen Sie alle bisher gedruckte Kataloge der Firma Alu-kon herunterladen oder lesen. ALU-KON GORI\u010cICA 10382 Donja Zelina, Kroatien ALU-KON ZAGREB-OFFICE 10000 Zagreb, Kroatien Paukove\u010dka c.23 +385 1 2065 746 +385 1 2065 826 alu-kon@alu-kon.hr Donje Svetice 33 +385 98 980 6090 ALU-KON GORI\u010cICA 10382 Donja Zelina, Hrvatska Paukove\u010dka c.23 +385 1 2065 746 +385 [&hellip;]\" \/>\n<meta property=\"og:url\" content=\"https:\/\/www.alu-kon.hr\/de\/unser-katalog\/\" \/>\n<meta property=\"og:site_name\" content=\"Alu-Kon\" \/>\n<meta property=\"article:modified_time\" content=\"2020-07-10T14:03:07+00:00\" \/>\n<meta name=\"twitter:card\" content=\"summary_large_image\" \/>\n<script type=\"application\/ld+json\" class=\"yoast-schema-graph\">{\"@context\":\"https:\\\/\\\/schema.org\",\"@graph\":[{\"@type\":\"WebPage\",\"@id\":\"https:\\\/\\\/www.alu-kon.hr\\\/de\\\/unser-katalog\\\/\",\"url\":\"https:\\\/\\\/www.alu-kon.hr\\\/de\\\/unser-katalog\\\/\",\"name\":\"Katalog - Alu-Kon\",\"isPartOf\":{\"@id\":\"https:\\\/\\\/www.alu-kon.hr\\\/en\\\/#website\"},\"datePublished\":\"2019-08-31T14:43:15+00:00\",\"dateModified\":\"2020-07-10T14:03:07+00:00\",\"breadcrumb\":{\"@id\":\"https:\\\/\\\/www.alu-kon.hr\\\/de\\\/unser-katalog\\\/#breadcrumb\"},\"inLanguage\":\"de\",\"potentialAction\":[{\"@type\":\"ReadAction\",\"target\":[\"https:\\\/\\\/www.alu-kon.hr\\\/de\\\/unser-katalog\\\/\"]}]},{\"@type\":\"BreadcrumbList\",\"@id\":\"https:\\\/\\\/www.alu-kon.hr\\\/de\\\/unser-katalog\\\/#breadcrumb\",\"itemListElement\":[{\"@type\":\"ListItem\",\"position\":1,\"name\":\"Startseite\",\"item\":\"https:\\\/\\\/www.alu-kon.hr\\\/de\\\/\"},{\"@type\":\"ListItem\",\"position\":2,\"name\":\"Katalog\"}]},{\"@type\":\"WebSite\",\"@id\":\"https:\\\/\\\/www.alu-kon.hr\\\/en\\\/#website\",\"url\":\"https:\\\/\\\/www.alu-kon.hr\\\/en\\\/\",\"name\":\"Alu-Kon\",\"description\":\"Najbolja aluminijska stolarija\",\"potentialAction\":[{\"@type\":\"SearchAction\",\"target\":{\"@type\":\"EntryPoint\",\"urlTemplate\":\"https:\\\/\\\/www.alu-kon.hr\\\/en\\\/?s={search_term_string}\"},\"query-input\":{\"@type\":\"PropertyValueSpecification\",\"valueRequired\":true,\"valueName\":\"search_term_string\"}}],\"inLanguage\":\"de\"}]}<\/script>\n<!-- \/ Yoast SEO plugin. -->","yoast_head_json":{"title":"Katalog - Alu-Kon","robots":{"index":"index","follow":"follow","max-snippet":"max-snippet:-1","max-image-preview":"max-image-preview:large","max-video-preview":"max-video-preview:-1"},"canonical":"https:\/\/www.alu-kon.hr\/de\/unser-katalog\/","og_locale":"de_DE","og_type":"article","og_title":"Katalog - Alu-Kon","og_description":"Hier k\u00f6nnen Sie alle bisher gedruckte Kataloge der Firma Alu-kon herunterladen oder lesen. ALU-KON GORI\u010cICA 10382 Donja Zelina, Kroatien ALU-KON ZAGREB-OFFICE 10000 Zagreb, Kroatien Paukove\u010dka c.23 +385 1 2065 746 +385 1 2065 826 alu-kon@alu-kon.hr Donje Svetice 33 +385 98 980 6090 ALU-KON GORI\u010cICA 10382 Donja Zelina, Hrvatska Paukove\u010dka c.23 +385 1 2065 746 +385 [&hellip;]","og_url":"https:\/\/www.alu-kon.hr\/de\/unser-katalog\/","og_site_name":"Alu-Kon","article_modified_time":"2020-07-10T14:03:07+00:00","twitter_card":"summary_large_image","schema":{"@context":"https:\/\/schema.org","@graph":[{"@type":"WebPage","@id":"https:\/\/www.alu-kon.hr\/de\/unser-katalog\/","url":"https:\/\/www.alu-kon.hr\/de\/unser-katalog\/","name":"Katalog - Alu-Kon","isPartOf":{"@id":"https:\/\/www.alu-kon.hr\/en\/#website"},"datePublished":"2019-08-31T14:43:15+00:00","dateModified":"2020-07-10T14:03:07+00:00","breadcrumb":{"@id":"https:\/\/www.alu-kon.hr\/de\/unser-katalog\/#breadcrumb"},"inLanguage":"de","potentialAction":[{"@type":"ReadAction","target":["https:\/\/www.alu-kon.hr\/de\/unser-katalog\/"]}]},{"@type":"BreadcrumbList","@id":"https:\/\/www.alu-kon.hr\/de\/unser-katalog\/#breadcrumb","itemListElement":[{"@type":"ListItem","position":1,"name":"Startseite","item":"https:\/\/www.alu-kon.hr\/de\/"},{"@type":"ListItem","position":2,"name":"Katalog"}]},{"@type":"WebSite","@id":"https:\/\/www.alu-kon.hr\/en\/#website","url":"https:\/\/www.alu-kon.hr\/en\/","name":"Alu-Kon","description":"Najbolja aluminijska stolarija","potentialAction":[{"@type":"SearchAction","target":{"@type":"EntryPoint","urlTemplate":"https:\/\/www.alu-kon.hr\/en\/?s={search_term_string}"},"query-input":{"@type":"PropertyValueSpecification","valueRequired":true,"valueName":"search_term_string"}}],"inLanguage":"de"}]}},"_links":{"self":[{"href":"https:\/\/www.alu-kon.hr\/de\/wp-json\/wp\/v2\/pages\/1156","targetHints":{"allow":["GET"]}}],"collection":[{"href":"https:\/\/www.alu-kon.hr\/de\/wp-json\/wp\/v2\/pages"}],"about":[{"href":"https:\/\/www.alu-kon.hr\/de\/wp-json\/wp\/v2\/types\/page"}],"author":[{"embeddable":true,"href":"https:\/\/www.alu-kon.hr\/de\/wp-json\/wp\/v2\/users\/1"}],"replies":[{"embeddable":true,"href":"https:\/\/www.alu-kon.hr\/de\/wp-json\/wp\/v2\/comments?post=1156"}],"version-history":[{"count":0,"href":"https:\/\/www.alu-kon.hr\/de\/wp-json\/wp\/v2\/pages\/1156\/revisions"}],"wp:attachment":[{"href":"https:\/\/www.alu-kon.hr\/de\/wp-json\/wp\/v2\/media?parent=1156"}],"curies":[{"name":"wp","href":"https:\/\/api.w.org\/{rel}","templated":true}]}}