{"id":1159,"date":"2019-08-07T14:33:13","date_gmt":"2019-08-07T14:33:13","guid":{"rendered":"https:\/\/www.alu-kon.hr\/naslovna\/"},"modified":"2021-12-18T14:55:36","modified_gmt":"2021-12-18T14:55:36","slug":"naslovna","status":"publish","type":"page","link":"https:\/\/www.alu-kon.hr\/de\/","title":{"rendered":"Startseite"},"content":{"rendered":"\n\n    <h1>Aluminium <br \/>Systeme<\/h1>\n    <p>Die Firma ALU-KON d.o.o. hat sich mit ihrer jahrelangen T\u00e4tigkeit in der Ausf\u00fchrung von Alu-Glas-Fassaden jeglicher Art, Photovoltaik-, Fenster- und T\u00fcrsystemen als ein respektables Unternehmen etabliert und z\u00e4hlt zu den f\u00fchrenden Unternehmen in diesem Gesch\u00e4ftsbereich in Kroatien.<\/p>\n        <a href=\"\/de\/kontakt\/\">KONTAKTIEREN SIE UNS<\/a>\n<img decoding=\"async\" src=\"\/wp-content\/uploads\/2019\/09\/bg-shape-1.png\" alt=\"Background Shape\"\/>\n    <img decoding=\"async\" src=\"\/wp-content\/uploads\/2019\/08\/arrow.svg\" alt=\"Arrow\"\/>\n    <h2>Produkte<\/h2>\n        <img decoding=\"async\" src=\"\/wp-content\/uploads\/2019\/11\/hp-alu-bravarija.jpg\" alt=\"Aluminijska bravarija\"\/>\n        <h4>FENSTER UND T\u00dcREN AUS ALUMINIUM<\/h4>\n        <p>Fenster, T\u00fcren und W\u00e4nde aus Aluminium werden aus Aluprofilen gefertigt, in klassischer Ausf\u00fchrung oder mit unterbrochener W\u00e4rmebr\u00fccke, sowie in einer Kombination von Aluminium und Holz.<\/p>\n            <a href=\"\/de\/fenster-und-turen-aus-aluminium\/\">ERFAHREN SIE MEHR<\/a>\n        <h4>ALU-GLAS FASSADEN<\/h4>\n        <p>Aluminiumfassaden aus freitragenden Aluprofilen mit einer unterbrochenen W\u00e4rmebr\u00fccke, die mit Stahlanker auf die Betonkonstruktion aufgeh\u00e4ngt sind und eine F\u00fcllung aus Aluminiumpaneelen oder Glas haben.<\/p>\n            <a href=\"\/de\/alu-glas-fassaden\/\">ERFAHREN SIE MEHR<\/a>\n        <img decoding=\"async\" src=\"\/wp-content\/uploads\/2019\/11\/hp-stakleno-aluminijske-fasade.jpg\" alt=\"Stakleno Aluminijske Fasade\"\/>\n        <img decoding=\"async\" src=\"\/wp-content\/uploads\/2019\/11\/hp-ventilirane-fasade.jpg\" alt=\"Ventilirane fasade\"\/>\n        <h4>HINTERL\u00dcFTETE FASSADEN<\/h4>\n        <p>Hinterl\u00fcftete Fassaden bilden eine \u00e4sthetisch und physisch optimale Geb\u00e4udeh\u00fclle. Hinterl\u00fcftete Fassaden bestehen aus mehreren Schichten. Die erste Schicht besteht an ihrer \u00e4u\u00dferen Seite aus Fassadenpaneelen, die aus unterschiedlichen Materialien hergestellt sein k\u00f6nnen, wie z. B. Alublech, Alu-Verbundplatten (ALUCOBOND), Faserzementplatten, usw.<\/p>\n            <a href=\"\/de\/hinterlueftete-fassaden\/\">ERFAHREN SIE MEHR<\/a>\n    <h2>\u00dcber Uns<\/h2>\n    <p>Wir erreichten eine beneidenswerte Qualit\u00e4t unserer Produkte mit Hilfe von Produktionsverbesserung und der \u00dcbernahme modernster Produktionstechnologien, wor\u00fcber auch unsere Referenzliste spricht. Unsere Produkte haben hohe Koeffizienten der W\u00e4rme- und Schalld\u00e4mmung, sowie eine hohe Luft- und Wasserdichtigkeit. Wir erh\u00f6hen die Qualit\u00e4t unserer Produkte mit st\u00e4ndigen Investitionen in die Produktionsverbesserung.<\/p>\n        <a href=\"\/de\/ueber-uns\/\">ERFAHREN SIE MEHR<\/a>\n    <img decoding=\"async\" src=\"\/wp-content\/uploads\/2019\/08\/logo-fade.png\" alt=\"Alukon Logo\"\/>\n        <img decoding=\"async\" src=\"\/wp-content\/uploads\/2019\/09\/team-icon-1.svg\" alt=\"Dugogodi\u0161nje iskustvo\"\/>\n        <h5>MEHRJ\u00c4HRIGE <br \/> ERFAHRUNG<\/h5>\n        <img decoding=\"async\" src=\"\/wp-content\/uploads\/2019\/09\/design-icon.svg\" alt=\"Vlastiti projektni odjel\"\/>\n        <h5>EIGENE <br \/> PROJEKTABTEILUNG<\/h5>\n        <img decoding=\"async\" src=\"\/wp-content\/uploads\/2019\/09\/manufacture-icon.svg\" alt=\"Stalno usavr\u0161avanje\"\/>\n        <h5>ST\u00c4NDIGE <br \/> PRODUKTIONSVERBESSERUNG<\/h5>\n    <img decoding=\"async\" src=\"\/wp-content\/uploads\/2019\/12\/alu-kon-projekti.png\" alt=\"Na\u0161i projekti\"\/>\n    <h2>Unsere Projekte<\/h2>\n    <p>Dank unserer jahrelangen T\u00e4tigkeit und Erfahrung haben wir uns f\u00fcr die Ausf\u00fchrung kompletter Fassaden\/Geb\u00e4udeh\u00fcllen spezialisiert. Wir k\u00f6nnen spezielle und einzigartige L\u00f6sungen gem\u00e4\u00df den W\u00fcnschen der Investoren oder Architekten realisieren. Unser Team begleitet das Projekt seit der Beauftragung und technischer Vorbereitung bis zum Ende der Montage.<\/p>\n        <a href=\"\/de\/unsere-projekte\/\">ERFAHREN SIE MEHR<\/a>\n\n","protected":false},"excerpt":{"rendered":"<p>Aluminium Systeme Die Firma ALU-KON d.o.o. hat sich mit ihrer jahrelangen T\u00e4tigkeit in der Ausf\u00fchrung von Alu-Glas-Fassaden jeglicher Art, Photovoltaik-, Fenster- und T\u00fcrsystemen als ein respektables Unternehmen etabliert und z\u00e4hlt zu den f\u00fchrenden Unternehmen in diesem Gesch\u00e4ftsbereich in Kroatien. KONTAKTIEREN SIE UNS Produkte FENSTER UND T\u00dcREN AUS ALUMINIUM Fenster, T\u00fcren und W\u00e4nde aus Aluminium werden [&hellip;]<\/p>\n","protected":false},"author":1,"featured_media":0,"parent":0,"menu_order":0,"comment_status":"closed","ping_status":"closed","template":"","meta":{"footnotes":""},"class_list":["post-1159","page","type-page","status-publish","hentry"],"yoast_head":"<!-- This site is optimized with the Yoast SEO plugin v27.6 - https:\/\/yoast.com\/product\/yoast-seo-wordpress\/ -->\n<title>Startseite - Alu-Kon<\/title>\n<meta name=\"robots\" content=\"index, follow, max-snippet:-1, max-image-preview:large, max-video-preview:-1\" \/>\n<link rel=\"canonical\" href=\"https:\/\/www.alu-kon.hr\/de\/\" \/>\n<meta property=\"og:locale\" content=\"de_DE\" \/>\n<meta property=\"og:type\" content=\"article\" \/>\n<meta property=\"og:title\" content=\"Startseite - Alu-Kon\" \/>\n<meta property=\"og:description\" content=\"Aluminium Systeme Die Firma ALU-KON d.o.o. hat sich mit ihrer jahrelangen T\u00e4tigkeit in der Ausf\u00fchrung von Alu-Glas-Fassaden jeglicher Art, Photovoltaik-, Fenster- und T\u00fcrsystemen als ein respektables Unternehmen etabliert und z\u00e4hlt zu den f\u00fchrenden Unternehmen in diesem Gesch\u00e4ftsbereich in Kroatien. KONTAKTIEREN SIE UNS Produkte FENSTER UND T\u00dcREN AUS ALUMINIUM Fenster, T\u00fcren und W\u00e4nde aus Aluminium werden [&hellip;]\" \/>\n<meta property=\"og:url\" content=\"https:\/\/www.alu-kon.hr\/de\/\" \/>\n<meta property=\"og:site_name\" content=\"Alu-Kon\" \/>\n<meta property=\"article:modified_time\" content=\"2021-12-18T14:55:36+00:00\" \/>\n<meta name=\"twitter:card\" content=\"summary_large_image\" \/>\n<meta name=\"twitter:label1\" content=\"Gesch\u00e4tzte Lesezeit\" \/>\n\t<meta name=\"twitter:data1\" content=\"2\u00a0Minuten\" \/>\n<script type=\"application\/ld+json\" class=\"yoast-schema-graph\">{\"@context\":\"https:\\\/\\\/schema.org\",\"@graph\":[{\"@type\":\"WebPage\",\"@id\":\"https:\\\/\\\/www.alu-kon.hr\\\/de\\\/\",\"url\":\"https:\\\/\\\/www.alu-kon.hr\\\/de\\\/\",\"name\":\"Startseite - Alu-Kon\",\"isPartOf\":{\"@id\":\"https:\\\/\\\/www.alu-kon.hr\\\/en\\\/#website\"},\"datePublished\":\"2019-08-07T14:33:13+00:00\",\"dateModified\":\"2021-12-18T14:55:36+00:00\",\"breadcrumb\":{\"@id\":\"https:\\\/\\\/www.alu-kon.hr\\\/de\\\/#breadcrumb\"},\"inLanguage\":\"de\",\"potentialAction\":[{\"@type\":\"ReadAction\",\"target\":[\"https:\\\/\\\/www.alu-kon.hr\\\/de\\\/\"]}]},{\"@type\":\"BreadcrumbList\",\"@id\":\"https:\\\/\\\/www.alu-kon.hr\\\/de\\\/#breadcrumb\",\"itemListElement\":[{\"@type\":\"ListItem\",\"position\":1,\"name\":\"Startseite\",\"item\":\"https:\\\/\\\/www.alu-kon.hr\\\/de\\\/\"},{\"@type\":\"ListItem\",\"position\":2,\"name\":\"Startseite\"}]},{\"@type\":\"WebSite\",\"@id\":\"https:\\\/\\\/www.alu-kon.hr\\\/en\\\/#website\",\"url\":\"https:\\\/\\\/www.alu-kon.hr\\\/en\\\/\",\"name\":\"Alu-Kon\",\"description\":\"Najbolja aluminijska stolarija\",\"potentialAction\":[{\"@type\":\"SearchAction\",\"target\":{\"@type\":\"EntryPoint\",\"urlTemplate\":\"https:\\\/\\\/www.alu-kon.hr\\\/en\\\/?s={search_term_string}\"},\"query-input\":{\"@type\":\"PropertyValueSpecification\",\"valueRequired\":true,\"valueName\":\"search_term_string\"}}],\"inLanguage\":\"de\"}]}<\/script>\n<!-- \/ Yoast SEO plugin. -->","yoast_head_json":{"title":"Startseite - Alu-Kon","robots":{"index":"index","follow":"follow","max-snippet":"max-snippet:-1","max-image-preview":"max-image-preview:large","max-video-preview":"max-video-preview:-1"},"canonical":"https:\/\/www.alu-kon.hr\/de\/","og_locale":"de_DE","og_type":"article","og_title":"Startseite - Alu-Kon","og_description":"Aluminium Systeme Die Firma ALU-KON d.o.o. hat sich mit ihrer jahrelangen T\u00e4tigkeit in der Ausf\u00fchrung von Alu-Glas-Fassaden jeglicher Art, Photovoltaik-, Fenster- und T\u00fcrsystemen als ein respektables Unternehmen etabliert und z\u00e4hlt zu den f\u00fchrenden Unternehmen in diesem Gesch\u00e4ftsbereich in Kroatien. KONTAKTIEREN SIE UNS Produkte FENSTER UND T\u00dcREN AUS ALUMINIUM Fenster, T\u00fcren und W\u00e4nde aus Aluminium werden [&hellip;]","og_url":"https:\/\/www.alu-kon.hr\/de\/","og_site_name":"Alu-Kon","article_modified_time":"2021-12-18T14:55:36+00:00","twitter_card":"summary_large_image","twitter_misc":{"Gesch\u00e4tzte Lesezeit":"2\u00a0Minuten"},"schema":{"@context":"https:\/\/schema.org","@graph":[{"@type":"WebPage","@id":"https:\/\/www.alu-kon.hr\/de\/","url":"https:\/\/www.alu-kon.hr\/de\/","name":"Startseite - Alu-Kon","isPartOf":{"@id":"https:\/\/www.alu-kon.hr\/en\/#website"},"datePublished":"2019-08-07T14:33:13+00:00","dateModified":"2021-12-18T14:55:36+00:00","breadcrumb":{"@id":"https:\/\/www.alu-kon.hr\/de\/#breadcrumb"},"inLanguage":"de","potentialAction":[{"@type":"ReadAction","target":["https:\/\/www.alu-kon.hr\/de\/"]}]},{"@type":"BreadcrumbList","@id":"https:\/\/www.alu-kon.hr\/de\/#breadcrumb","itemListElement":[{"@type":"ListItem","position":1,"name":"Startseite","item":"https:\/\/www.alu-kon.hr\/de\/"},{"@type":"ListItem","position":2,"name":"Startseite"}]},{"@type":"WebSite","@id":"https:\/\/www.alu-kon.hr\/en\/#website","url":"https:\/\/www.alu-kon.hr\/en\/","name":"Alu-Kon","description":"Najbolja aluminijska stolarija","potentialAction":[{"@type":"SearchAction","target":{"@type":"EntryPoint","urlTemplate":"https:\/\/www.alu-kon.hr\/en\/?s={search_term_string}"},"query-input":{"@type":"PropertyValueSpecification","valueRequired":true,"valueName":"search_term_string"}}],"inLanguage":"de"}]}},"_links":{"self":[{"href":"https:\/\/www.alu-kon.hr\/de\/wp-json\/wp\/v2\/pages\/1159","targetHints":{"allow":["GET"]}}],"collection":[{"href":"https:\/\/www.alu-kon.hr\/de\/wp-json\/wp\/v2\/pages"}],"about":[{"href":"https:\/\/www.alu-kon.hr\/de\/wp-json\/wp\/v2\/types\/page"}],"author":[{"embeddable":true,"href":"https:\/\/www.alu-kon.hr\/de\/wp-json\/wp\/v2\/users\/1"}],"replies":[{"embeddable":true,"href":"https:\/\/www.alu-kon.hr\/de\/wp-json\/wp\/v2\/comments?post=1159"}],"version-history":[{"count":0,"href":"https:\/\/www.alu-kon.hr\/de\/wp-json\/wp\/v2\/pages\/1159\/revisions"}],"wp:attachment":[{"href":"https:\/\/www.alu-kon.hr\/de\/wp-json\/wp\/v2\/media?parent=1159"}],"curies":[{"name":"wp","href":"https:\/\/api.w.org\/{rel}","templated":true}]}}