{"id":1161,"date":"2019-08-07T17:58:25","date_gmt":"2019-08-07T17:58:25","guid":{"rendered":"https:\/\/www.alu-kon.hr\/projekti\/"},"modified":"2020-07-13T13:47:42","modified_gmt":"2020-07-13T13:47:42","slug":"unsere-projekte","status":"publish","type":"page","link":"https:\/\/www.alu-kon.hr\/de\/unsere-projekte\/","title":{"rendered":"Projekte"},"content":{"rendered":"\n    <h1><\/h1>\n    <span><span><a href=\"https:\/\/www.alu-kon.hr\/de\/\">Startseite<\/a><\/span><\/span>\n    <a href=\"#references\">\n        <img decoding=\"async\" src=\"\/wp-content\/uploads\/2019\/08\/arrow.svg\" alt=\"Arrow\">\n    <\/a>\n    <h2>Unsere projekte<\/h2>\n        \n\n\n<div id=\"wpv-view-layout-1281\" class=\"js-wpv-view-layout js-wpv-layout-responsive js-wpv-view-layout-1281\" data-viewnumber=\"1281\" data-pagination=\"{&quot;id&quot;:1281,&quot;query&quot;:&quot;normal&quot;,&quot;type&quot;:&quot;disabled&quot;,&quot;effect&quot;:&quot;fade&quot;,&quot;duration&quot;:500,&quot;speed&quot;:5,&quot;pause_on_hover&quot;:&quot;disabled&quot;,&quot;stop_rollover&quot;:&quot;false&quot;,&quot;cache_pages&quot;:&quot;enabled&quot;,&quot;preload_images&quot;:&quot;enabled&quot;,&quot;preload_pages&quot;:&quot;enabled&quot;,&quot;preload_reach&quot;:1,&quot;spinner&quot;:&quot;builtin&quot;,&quot;spinner_image&quot;:&quot;https:\/\/www.alu-kon.hr\/wp-content\/plugins\/wp-views\/embedded\/res\/img\/ajax-loader.gif&quot;,&quot;callback_next&quot;:&quot;&quot;,&quot;manage_history&quot;:&quot;enabled&quot;,&quot;has_controls_in_form&quot;:&quot;disabled&quot;,&quot;infinite_tolerance&quot;:&quot;0&quot;,&quot;max_pages&quot;:0,&quot;page&quot;:1,&quot;base_permalink&quot;:&quot;\/de\/wp-json\/wp\/v2\/pages\/1161?wpv_view_count=1281&amp;wpv_paged=WPV_PAGE_NUM&quot;,&quot;loop&quot;:{&quot;type&quot;:&quot;&quot;,&quot;name&quot;:&quot;&quot;,&quot;data&quot;:[],&quot;id&quot;:0}}\" data-permalink=\"\/de\/wp-json\/wp\/v2\/pages\/1161?wpv_view_count=1281\">\n\n\t\n\t  \n\t<div class=\"references-list__loop\">\n\t\t\n          <div class=\"reference-single\" style='background-image:url(https:\/\/www.alu-kon.hr\/wp-content\/uploads\/2020\/07\/IMG_3505-scaled.jpg)'>\n            <div class=\"reference-single__inner relative-container\">\n              <a class=\"absolute-link\" href=\"https:\/\/www.alu-kon.hr\/de\/projekte\/seecel\/\"><\/a>\n              <h3>SEECEL<\/h3>\n              <i class=\"fas fa-map-marker-alt\"><\/i>\n              <h4>Zagreb<\/h4>\n              <p><\/p>\n              <a href=\"https:\/\/www.alu-kon.hr\/de\/projekte\/seecel\/\" class=\"reference-button\">ERFAHREN SIE MEHR<\/a>\n              \n            <\/div>\n        <\/div>\n\t\t\n          <div class=\"reference-single\" style='background-image:url(https:\/\/www.alu-kon.hr\/wp-content\/uploads\/2020\/07\/IMG_3165.jpg)'>\n            <div class=\"reference-single__inner relative-container\">\n              <a class=\"absolute-link\" href=\"https:\/\/www.alu-kon.hr\/de\/projekte\/spg-centar-maksimir\/\"><\/a>\n              <h3>SPG centar Maksimir<\/h3>\n              <i class=\"fas fa-map-marker-alt\"><\/i>\n              <h4>Zagreb<\/h4>\n              <p>Kraljevi\u0107eva ulica 28<\/p>\n              <a href=\"https:\/\/www.alu-kon.hr\/de\/projekte\/spg-centar-maksimir\/\" class=\"reference-button\">ERFAHREN SIE MEHR<\/a>\n              \n            <\/div>\n        <\/div>\n\t\t\n          <div class=\"reference-single\" style='background-image:url(https:\/\/www.alu-kon.hr\/wp-content\/uploads\/2019\/08\/zaprudjski-otok-hero-bg.jpg)'>\n            <div class=\"reference-single__inner relative-container\">\n              <a class=\"absolute-link\" href=\"https:\/\/www.alu-kon.hr\/de\/projekte\/zaprudski-otok\/\"><\/a>\n              <h3>Zaprudski Otok<\/h3>\n              <i class=\"fas fa-map-marker-alt\"><\/i>\n              <h4>Zagreb<\/h4>\n              <p><\/p>\n              <a href=\"https:\/\/www.alu-kon.hr\/de\/projekte\/zaprudski-otok\/\" class=\"reference-button\">ERFAHREN SIE MEHR<\/a>\n              \n            <\/div>\n        <\/div>\n\t\t\n          <div class=\"reference-single\" style='background-image:url(https:\/\/www.alu-kon.hr\/wp-content\/uploads\/2020\/07\/IMG_4066.jpg)'>\n            <div class=\"reference-single__inner relative-container\">\n              <a class=\"absolute-link\" href=\"https:\/\/www.alu-kon.hr\/de\/projekte\/studentski-kampus-varazdin\/\"><\/a>\n              <h3>Studentski kampus Vara\u017edin<\/h3>\n              <i class=\"fas fa-map-marker-alt\"><\/i>\n              <h4>Vara\u017edin<\/h4>\n              <p>Ulica Julija Merli\u0107a 9<\/p>\n              <a href=\"https:\/\/www.alu-kon.hr\/de\/projekte\/studentski-kampus-varazdin\/\" class=\"reference-button\">ERFAHREN SIE MEHR<\/a>\n              \n            <\/div>\n        <\/div>\n\t\t\n          <div class=\"reference-single\" style='background-image:url(https:\/\/www.alu-kon.hr\/wp-content\/uploads\/2020\/07\/IMG_4293.jpg)'>\n            <div class=\"reference-single__inner relative-container\">\n              <a class=\"absolute-link\" href=\"https:\/\/www.alu-kon.hr\/de\/projekte\/lyra-hotel-plitvice\/\"><\/a>\n              <h3>LYRA HOTEL Plitvice<\/h3>\n              <i class=\"fas fa-map-marker-alt\"><\/i>\n              <h4>Li\u010dko Petrovo Selo<\/h4>\n              <p>Li\u010dko Petrovo Selo 52<\/p>\n              <a href=\"https:\/\/www.alu-kon.hr\/de\/projekte\/lyra-hotel-plitvice\/\" class=\"reference-button\">ERFAHREN SIE MEHR<\/a>\n              \n            <\/div>\n        <\/div>\n\t\t\n          <div class=\"reference-single\" style='background-image:url(https:\/\/www.alu-kon.hr\/wp-content\/uploads\/2020\/07\/IMG_3778.jpg)'>\n            <div class=\"reference-single__inner relative-container\">\n              <a class=\"absolute-link\" href=\"https:\/\/www.alu-kon.hr\/de\/projekte\/komunalno-poduzece-zapresic\/\"><\/a>\n              <h3>Komunalno poduze\u0107e Zapre\u0161i\u0107<\/h3>\n              <i class=\"fas fa-map-marker-alt\"><\/i>\n              <h4>Zapre\u0161i\u0107<\/h4>\n              <p>Ulica Zelengaj 15<\/p>\n              <a href=\"https:\/\/www.alu-kon.hr\/de\/projekte\/komunalno-poduzece-zapresic\/\" class=\"reference-button\">ERFAHREN SIE MEHR<\/a>\n              \n            <\/div>\n        <\/div>\n\t\t\n          <div class=\"reference-single\" style='background-image:url(https:\/\/www.alu-kon.hr\/wp-content\/uploads\/2019\/09\/hilton-hero-bg.png)'>\n            <div class=\"reference-single__inner relative-container\">\n              <a class=\"absolute-link\" href=\"https:\/\/www.alu-kon.hr\/de\/projekte\/doubletree-by-hilton-hotel-zagreb\/\"><\/a>\n              <h3>DoubleTree by Hilton Hotel Zagreb<\/h3>\n              <i class=\"fas fa-map-marker-alt\"><\/i>\n              <h4>Zagreb<\/h4>\n              <p>Ul. grada Vukovara 269A<\/p>\n              <a href=\"https:\/\/www.alu-kon.hr\/de\/projekte\/doubletree-by-hilton-hotel-zagreb\/\" class=\"reference-button\">ERFAHREN SIE MEHR<\/a>\n              \n            <\/div>\n        <\/div>\n\t\t\n          <div class=\"reference-single\" style='background-image:url(https:\/\/www.alu-kon.hr\/wp-content\/uploads\/2020\/07\/IMG_3618.jpg)'>\n            <div class=\"reference-single__inner relative-container\">\n              <a class=\"absolute-link\" href=\"https:\/\/www.alu-kon.hr\/de\/projekte\/tuskanova-vrbaniceva\/\"><\/a>\n              <h3>Tu\u0161kanova \u2013 Vrbani\u0107eva<\/h3>\n              <i class=\"fas fa-map-marker-alt\"><\/i>\n              <h4>Zagreb<\/h4>\n              <p>Tu\u0161kanova ulica 37<\/p>\n              <a href=\"https:\/\/www.alu-kon.hr\/de\/projekte\/tuskanova-vrbaniceva\/\" class=\"reference-button\">ERFAHREN SIE MEHR<\/a>\n              \n            <\/div>\n        <\/div>\n\t\t\n          <div class=\"reference-single\" style='background-image:url(https:\/\/www.alu-kon.hr\/wp-content\/uploads\/2019\/12\/ARENA.jpg)'>\n            <div class=\"reference-single__inner relative-container\">\n              <a class=\"absolute-link\" href=\"https:\/\/www.alu-kon.hr\/de\/projekte\/arena\/\"><\/a>\n              <h3>Arena<\/h3>\n              <i class=\"fas fa-map-marker-alt\"><\/i>\n              <h4>Zagreb<\/h4>\n              <p>Ul. Vice Vukova 8<\/p>\n              <a href=\"https:\/\/www.alu-kon.hr\/de\/projekte\/arena\/\" class=\"reference-button\">ERFAHREN SIE MEHR<\/a>\n              \n            <\/div>\n        <\/div>\n\t\t\n          <div class=\"reference-single\" style='background-image:url(https:\/\/www.alu-kon.hr\/wp-content\/uploads\/2019\/11\/stakleno-aluminijske-fasade-hero-bg.jpg)'>\n            <div class=\"reference-single__inner relative-container\">\n              <a class=\"absolute-link\" href=\"https:\/\/www.alu-kon.hr\/de\/projekte\/green-gold\/\"><\/a>\n              <h3>Green Gold<\/h3>\n              <i class=\"fas fa-map-marker-alt\"><\/i>\n              <h4>Zagreb<\/h4>\n              <p>Radni\u010dka Cesta 52<\/p>\n              <a href=\"https:\/\/www.alu-kon.hr\/de\/projekte\/green-gold\/\" class=\"reference-button\">ERFAHREN SIE MEHR<\/a>\n              \n            <\/div>\n        <\/div>\n\t\t\n          <div class=\"reference-single\" style='background-image:url(https:\/\/www.alu-kon.hr\/wp-content\/uploads\/2019\/12\/Avenue_Mall_01.jpg)'>\n            <div class=\"reference-single__inner relative-container\">\n              <a class=\"absolute-link\" href=\"https:\/\/www.alu-kon.hr\/de\/projekte\/avenue-mall\/\"><\/a>\n              <h3>Avenue Mall<\/h3>\n              <i class=\"fas fa-map-marker-alt\"><\/i>\n              <h4>Zagreb<\/h4>\n              <p>Avenija Dubrovnik 16<\/p>\n              <a href=\"https:\/\/www.alu-kon.hr\/de\/projekte\/avenue-mall\/\" class=\"reference-button\">ERFAHREN SIE MEHR<\/a>\n              \n            <\/div>\n        <\/div>\n\t\t\n          <div class=\"reference-single\" style='background-image:url(https:\/\/www.alu-kon.hr\/wp-content\/uploads\/2019\/11\/IMG_8647-1.jpg)'>\n            <div class=\"reference-single__inner relative-container\">\n              <a class=\"absolute-link\" href=\"https:\/\/www.alu-kon.hr\/de\/projekte\/hotel-antunovic\/\"><\/a>\n              <h3>Hotel Antunovi\u0107<\/h3>\n              <i class=\"fas fa-map-marker-alt\"><\/i>\n              <h4>Zagreb<\/h4>\n              <p>Zagreba\u010dka avenija 100<\/p>\n              <a href=\"https:\/\/www.alu-kon.hr\/de\/projekte\/hotel-antunovic\/\" class=\"reference-button\">ERFAHREN SIE MEHR<\/a>\n              \n            <\/div>\n        <\/div>\n\t\t\n    <\/div>\n\t\n\t\n\t\n<\/div>\n    \n","protected":false},"excerpt":{"rendered":"<p>Unsere projekte<\/p>\n","protected":false},"author":1,"featured_media":0,"parent":0,"menu_order":0,"comment_status":"closed","ping_status":"closed","template":"","meta":{"footnotes":""},"class_list":["post-1161","page","type-page","status-publish","hentry"],"yoast_head":"<!-- This site is optimized with the Yoast SEO plugin v27.4 - https:\/\/yoast.com\/product\/yoast-seo-wordpress\/ -->\n<title>Projekte - Alu-Kon<\/title>\n<meta name=\"robots\" content=\"index, follow, max-snippet:-1, max-image-preview:large, max-video-preview:-1\" \/>\n<link rel=\"canonical\" href=\"https:\/\/www.alu-kon.hr\/de\/unsere-projekte\/\" \/>\n<meta property=\"og:locale\" content=\"de_DE\" \/>\n<meta property=\"og:type\" content=\"article\" \/>\n<meta property=\"og:title\" content=\"Projekte - Alu-Kon\" \/>\n<meta property=\"og:description\" content=\"Unsere projekte\" \/>\n<meta property=\"og:url\" content=\"https:\/\/www.alu-kon.hr\/de\/unsere-projekte\/\" \/>\n<meta property=\"og:site_name\" content=\"Alu-Kon\" \/>\n<meta property=\"article:modified_time\" content=\"2020-07-13T13:47:42+00:00\" \/>\n<meta name=\"twitter:card\" content=\"summary_large_image\" \/>\n<script type=\"application\/ld+json\" class=\"yoast-schema-graph\">{\"@context\":\"https:\\\/\\\/schema.org\",\"@graph\":[{\"@type\":\"WebPage\",\"@id\":\"https:\\\/\\\/www.alu-kon.hr\\\/de\\\/unsere-projekte\\\/\",\"url\":\"https:\\\/\\\/www.alu-kon.hr\\\/de\\\/unsere-projekte\\\/\",\"name\":\"Projekte - Alu-Kon\",\"isPartOf\":{\"@id\":\"https:\\\/\\\/www.alu-kon.hr\\\/en\\\/#website\"},\"datePublished\":\"2019-08-07T17:58:25+00:00\",\"dateModified\":\"2020-07-13T13:47:42+00:00\",\"breadcrumb\":{\"@id\":\"https:\\\/\\\/www.alu-kon.hr\\\/de\\\/unsere-projekte\\\/#breadcrumb\"},\"inLanguage\":\"de\",\"potentialAction\":[{\"@type\":\"ReadAction\",\"target\":[\"https:\\\/\\\/www.alu-kon.hr\\\/de\\\/unsere-projekte\\\/\"]}]},{\"@type\":\"BreadcrumbList\",\"@id\":\"https:\\\/\\\/www.alu-kon.hr\\\/de\\\/unsere-projekte\\\/#breadcrumb\",\"itemListElement\":[{\"@type\":\"ListItem\",\"position\":1,\"name\":\"Startseite\",\"item\":\"https:\\\/\\\/www.alu-kon.hr\\\/de\\\/\"},{\"@type\":\"ListItem\",\"position\":2,\"name\":\"Projekte\"}]},{\"@type\":\"WebSite\",\"@id\":\"https:\\\/\\\/www.alu-kon.hr\\\/en\\\/#website\",\"url\":\"https:\\\/\\\/www.alu-kon.hr\\\/en\\\/\",\"name\":\"Alu-Kon\",\"description\":\"Najbolja aluminijska stolarija\",\"potentialAction\":[{\"@type\":\"SearchAction\",\"target\":{\"@type\":\"EntryPoint\",\"urlTemplate\":\"https:\\\/\\\/www.alu-kon.hr\\\/en\\\/?s={search_term_string}\"},\"query-input\":{\"@type\":\"PropertyValueSpecification\",\"valueRequired\":true,\"valueName\":\"search_term_string\"}}],\"inLanguage\":\"de\"}]}<\/script>\n<!-- \/ Yoast SEO plugin. -->","yoast_head_json":{"title":"Projekte - Alu-Kon","robots":{"index":"index","follow":"follow","max-snippet":"max-snippet:-1","max-image-preview":"max-image-preview:large","max-video-preview":"max-video-preview:-1"},"canonical":"https:\/\/www.alu-kon.hr\/de\/unsere-projekte\/","og_locale":"de_DE","og_type":"article","og_title":"Projekte - Alu-Kon","og_description":"Unsere projekte","og_url":"https:\/\/www.alu-kon.hr\/de\/unsere-projekte\/","og_site_name":"Alu-Kon","article_modified_time":"2020-07-13T13:47:42+00:00","twitter_card":"summary_large_image","schema":{"@context":"https:\/\/schema.org","@graph":[{"@type":"WebPage","@id":"https:\/\/www.alu-kon.hr\/de\/unsere-projekte\/","url":"https:\/\/www.alu-kon.hr\/de\/unsere-projekte\/","name":"Projekte - Alu-Kon","isPartOf":{"@id":"https:\/\/www.alu-kon.hr\/en\/#website"},"datePublished":"2019-08-07T17:58:25+00:00","dateModified":"2020-07-13T13:47:42+00:00","breadcrumb":{"@id":"https:\/\/www.alu-kon.hr\/de\/unsere-projekte\/#breadcrumb"},"inLanguage":"de","potentialAction":[{"@type":"ReadAction","target":["https:\/\/www.alu-kon.hr\/de\/unsere-projekte\/"]}]},{"@type":"BreadcrumbList","@id":"https:\/\/www.alu-kon.hr\/de\/unsere-projekte\/#breadcrumb","itemListElement":[{"@type":"ListItem","position":1,"name":"Startseite","item":"https:\/\/www.alu-kon.hr\/de\/"},{"@type":"ListItem","position":2,"name":"Projekte"}]},{"@type":"WebSite","@id":"https:\/\/www.alu-kon.hr\/en\/#website","url":"https:\/\/www.alu-kon.hr\/en\/","name":"Alu-Kon","description":"Najbolja aluminijska stolarija","potentialAction":[{"@type":"SearchAction","target":{"@type":"EntryPoint","urlTemplate":"https:\/\/www.alu-kon.hr\/en\/?s={search_term_string}"},"query-input":{"@type":"PropertyValueSpecification","valueRequired":true,"valueName":"search_term_string"}}],"inLanguage":"de"}]}},"_links":{"self":[{"href":"https:\/\/www.alu-kon.hr\/de\/wp-json\/wp\/v2\/pages\/1161","targetHints":{"allow":["GET"]}}],"collection":[{"href":"https:\/\/www.alu-kon.hr\/de\/wp-json\/wp\/v2\/pages"}],"about":[{"href":"https:\/\/www.alu-kon.hr\/de\/wp-json\/wp\/v2\/types\/page"}],"author":[{"embeddable":true,"href":"https:\/\/www.alu-kon.hr\/de\/wp-json\/wp\/v2\/users\/1"}],"replies":[{"embeddable":true,"href":"https:\/\/www.alu-kon.hr\/de\/wp-json\/wp\/v2\/comments?post=1161"}],"version-history":[{"count":0,"href":"https:\/\/www.alu-kon.hr\/de\/wp-json\/wp\/v2\/pages\/1161\/revisions"}],"wp:attachment":[{"href":"https:\/\/www.alu-kon.hr\/de\/wp-json\/wp\/v2\/media?parent=1161"}],"curies":[{"name":"wp","href":"https:\/\/api.w.org\/{rel}","templated":true}]}}