{"id":1162,"date":"2019-08-23T08:25:25","date_gmt":"2019-08-23T08:25:25","guid":{"rendered":"https:\/\/www.alu-kon.hr\/stakleno-aluminijske-fasade\/"},"modified":"2022-10-19T07:59:56","modified_gmt":"2022-10-19T07:59:56","slug":"alu-glas-fassaden","status":"publish","type":"page","link":"https:\/\/www.alu-kon.hr\/de\/alu-glas-fassaden\/","title":{"rendered":"ALU-GLAS FASSADEN"},"content":{"rendered":"\n\n    <h1><\/h1>\n    <span><span><a href=\"https:\/\/www.alu-kon.hr\/de\/\">Startseite<\/a><\/span><\/span>\n    <h2>\u00dcBER GLAS-ALU-FASSADEN<\/h2>\n    <p>Glas-Alu-Fassaden sind ein unvermeidliches Element in der modernen Architektur. Im Verlauf der Jahre, dank der Entwicklung der Glas-Alu-Fassaden-Systeme, wurde die Ausf\u00fchrung erstaunlicher und faszinierender Fassaden erm\u00f6glicht.<\/p>\n    <img decoding=\"async\" src=\"\/wp-content\/uploads\/2019\/11\/stakleno-aluminijske-fasade-1.jpg\" alt=\"Stakleno Aluminijske Fasade\"\/>\n    <h4>Glas-Alu-Fassaden bestehen aus der tragenden Unterkonstruktion aus Aluminium, die aus Aluminium Fassadenprofilen hergestellt wird, meistens mit Isolierglasf\u00fcllung. Es gibt vier Arten von Glas-Alu-Fassaden:<\/h4>\n            <a href=\"#kontinuirana\"><\/a>\n            <h2>1<\/h2>\n            <h4>PFOSTEN-RIEGEL-FASSADEN<\/h4>\n            <a href=\"#strukturalna\"><\/a>\n            <h2>2<\/h2>\n            <h4>STRUKTURELLE FASSADEN<\/h4>\n            <a href=\"#polustrukturalna\"><\/a>\n            <h2>3<\/h2>\n            <h4>HALBSTRUKTURELLE FASSADEN<\/h4>\n            <a href=\"#element-fasada\"><\/a>\n            <h2>4<\/h2>\n            <h4>ELEMENTFASSADEN<\/h4>\n    <img decoding=\"async\" src=\"\/wp-content\/uploads\/2019\/12\/PBZ-Radnicka_10.jpg\" alt=\"Stakleno Aluminijske Fasade\"\/>\n    <h2>PFOSTEN-RIEGEL-FASSADE<\/h2>\n    <p>Solche Fassaden bestehen aus langen vertikalen und kleineren horizontalen extrudierten Aluprofilen, die den Aluminiumrahmen bilden. Vertikale Profile sind auf der Betonkonstruktion aufgeh\u00e4ngt, womit eine hohe Tragf\u00e4higkeit des Fassadensystems gew\u00e4hrleistet wird. Diese Art der Fassade wird meistens wegen ihrer Anpassungsf\u00e4higkeit an ein breites Spektrum \u00e4sthetischer Anforderungen und ihrer wirtschaftlichen Annehmbarkeit benutzt. An der Au\u00dfenseite der Fassade befindet sich der Aluminiumrahmen, der aus dem Abdeckprofil besteht, und der der ganzen Fassade ein besonderes Ansehen verleiht.<\/p>\n    <h2>STRUKTURELLE FASSADEN<\/h2>\n    <p>Ihre Ausf\u00fchrung ist der Pfosten-Riegel-Fassade \u00e4hnlich, aber anstatt des Abdeckprofils wird der freie Raum zwischen Fassadenfeldern an der Au\u00dfenseite mit strukturellem Klebstoff gef\u00fcllt. Das sorgt f\u00fcr ein eleganteres Aussehen der kompletten Fassade.<\/p>\n    <img decoding=\"async\" src=\"\/wp-content\/uploads\/2019\/12\/VMD-MAKSIMIR-STRUKTURALNA.jpg\" alt=\"Stakleno Aluminijske Fasade\"\/>\n    <img decoding=\"async\" src=\"\/wp-content\/uploads\/2019\/08\/reference-4.png\" alt=\"Stakleno Aluminijske Fasade\"\/>\n    <h2>HALBSTRUKTURELLE FASSADEN<\/h2>\n    <p>Die Besonderheit dieser Art der Fassaden liegt darin, dass das Konzept der Profilsysteme anders als bei Pfosten-Riegel-Fassaden und strukturellen Fassaden ist, weswegen es hier eher schwer ist, Fensterfelder von den festinstallierten Fassadenfelder zu unterscheiden. Der Rand jedes Feldes ist ein d\u00fcnner Aluminiumrahmen, weshalb alle Felder, Fenster- und Festteile, identisch aussehen.<\/p>\n    <h2>ELEMENTFASSADEN<\/h2>\n    <p>Die Firma Alu-kon hat im Portfolio auch ein System von Elementfassaden, das die Firma allein entwickelt hat. Das System wurde von unseren Ingenieuren entwickelt und im Verlauf der Jahre mehrmals benutzt. Die freitragende einfache oder doppelte Elementfassade ist eine w\u00e4rmeisolierte mehrschichtige Aluminiumkonstruktion f\u00fcr mehrst\u00f6ckige Geb\u00e4ude und besteht aus Einzelelementen (E-Elemente), die als Fertigelemente zur Baustelle geliefert werden. Solche in der Werkstatt vorgefertigte Elemente erm\u00f6glichen eine schnelle Montage und maximale Qualit\u00e4t durch die Herstellungsprozesskontrolle und hochwertige L\u00f6sungen f\u00fcr Montageverbindungen. Die Dimensionen der Elemente werden nach architektonischen Entw\u00fcrfen in unterschiedlichen Breiten und H\u00f6hen der Stockwerke gefertigt. Die Art und Anordnung der \u00d6ffnungen wird f\u00fcr jedes Projekt mit der verantwortlichen Person vereinbart.<\/p>\n    <img decoding=\"async\" src=\"https:\/\/www.alu-kon.hr\/wp-content\/uploads\/2019\/12\/VMD-Tuskanova-Vrbaniceva-5.jpg\" alt=\"Stakleno Aluminijske Fasade\"\/>\n    <h4>Die wichtigsten Projekte wo unser System benutzt wurde sind: der Gesch\u00e4ftskomplex Green Gold, das Hilton Hotel und Gesch\u00e4ftsgeb\u00e4ude Zaprudski otok.<\/h4>\n            <a href=\"\/de\/projekte\/green-gold\/\"><\/a>\n            <h4>Green Gold<\/h4>\n            <a href=\"\/de\/projekte\/green-gold\/\">ERFAHREN SIE MEHR<\/a>\n            <a href=\"\/de\/projekte\/doubletree-by-hilton-hotel-zagreb\/\"><\/a>\n            <h4>DoubleTree by Hilton Hotel Zagreb<\/h4>\n            <a href=\"\/de\/projekte\/doubletree-by-hilton-hotel-zagreb\/\">ERFAHREN SIE MEHR<\/a>\n            <a href=\"\/de\/projekte\/zaprudski-otok\/\"><\/a>\n            <h4>Poslovna zgrada Zapru\u0111ski otok<\/h4>\n            <a href=\"\/de\/projekte\/zaprudski-otok\/\">ERFAHREN SIE MEHR<\/a>\n    <img decoding=\"async\" src=\"\/wp-content\/uploads\/2019\/08\/arrow.svg\" alt=\"Arrow\"\/>\n    <h2>Warum ALU-KON?<\/h2>\n    <p>Die Firma Alu-kon hat durch ihre langj\u00e4hrige T\u00e4tigkeit in diesem Gebiet eine gro\u00dfe Erfahrung gesammelt, die es uns erm\u00f6glicht, alle Ihre W\u00fcnsche und Bed\u00fcrfnisse bez\u00fcglich Fassadensysteme zu erf\u00fcllen. Wir sind f\u00fcr Gesch\u00e4ftsgeb\u00e4ude und \u00f6ffentliche Geb\u00e4ude spezialisiert, deren komplette H\u00fclle aus einer Kombination von Glas-Alu-Fassaden, Alufenster und hinterl\u00fcfteten Fassaden besteht, wobei wir Profilsysteme und behandeltes Glas benutzen, die eine hohe W\u00e4rme- und Schalld\u00e4mmung erreichen.<\/p>\n            <img decoding=\"async\" src=\"\/wp-content\/uploads\/2022\/10\/Alu...-1.png\" alt=\"Schuco Logo\"\/>\n            <img decoding=\"async\" src=\"\/wp-content\/uploads\/2019\/08\/wicona.png\" alt=\"Wicona Logo\"\/>\n            <img decoding=\"async\" src=\"\/wp-content\/uploads\/2019\/08\/feal_logo.png\" alt=\"Feal Logo\"\/>\n\n","protected":false},"excerpt":{"rendered":"<p>\u00dcBER GLAS-ALU-FASSADEN Glas-Alu-Fassaden sind ein unvermeidliches Element in der modernen Architektur. Im Verlauf der Jahre, dank der Entwicklung der Glas-Alu-Fassaden-Systeme, wurde die Ausf\u00fchrung erstaunlicher und faszinierender Fassaden erm\u00f6glicht. Glas-Alu-Fassaden bestehen aus der tragenden Unterkonstruktion aus Aluminium, die aus Aluminium Fassadenprofilen hergestellt wird, meistens mit Isolierglasf\u00fcllung. Es gibt vier Arten von Glas-Alu-Fassaden: 1 PFOSTEN-RIEGEL-FASSADEN 2 STRUKTURELLE [&hellip;]<\/p>\n","protected":false},"author":1,"featured_media":0,"parent":0,"menu_order":0,"comment_status":"closed","ping_status":"closed","template":"","meta":{"footnotes":""},"class_list":["post-1162","page","type-page","status-publish","hentry"],"yoast_head":"<!-- This site is optimized with the Yoast SEO plugin v27.4 - https:\/\/yoast.com\/product\/yoast-seo-wordpress\/ -->\n<title>ALU-GLAS FASSADEN - Alu-Kon<\/title>\n<meta name=\"robots\" content=\"index, follow, max-snippet:-1, max-image-preview:large, max-video-preview:-1\" \/>\n<link rel=\"canonical\" href=\"https:\/\/www.alu-kon.hr\/de\/alu-glas-fassaden\/\" \/>\n<meta property=\"og:locale\" content=\"de_DE\" \/>\n<meta property=\"og:type\" content=\"article\" \/>\n<meta property=\"og:title\" content=\"ALU-GLAS FASSADEN - Alu-Kon\" \/>\n<meta property=\"og:description\" content=\"\u00dcBER GLAS-ALU-FASSADEN Glas-Alu-Fassaden sind ein unvermeidliches Element in der modernen Architektur. Im Verlauf der Jahre, dank der Entwicklung der Glas-Alu-Fassaden-Systeme, wurde die Ausf\u00fchrung erstaunlicher und faszinierender Fassaden erm\u00f6glicht. Glas-Alu-Fassaden bestehen aus der tragenden Unterkonstruktion aus Aluminium, die aus Aluminium Fassadenprofilen hergestellt wird, meistens mit Isolierglasf\u00fcllung. Es gibt vier Arten von Glas-Alu-Fassaden: 1 PFOSTEN-RIEGEL-FASSADEN 2 STRUKTURELLE [&hellip;]\" \/>\n<meta property=\"og:url\" content=\"https:\/\/www.alu-kon.hr\/de\/alu-glas-fassaden\/\" \/>\n<meta property=\"og:site_name\" content=\"Alu-Kon\" \/>\n<meta property=\"article:modified_time\" content=\"2022-10-19T07:59:56+00:00\" \/>\n<meta property=\"og:image\" content=\"https:\/\/www.alu-kon.hr\/wp-content\/uploads\/2019\/12\/VMD-Tuskanova-Vrbaniceva-5.jpg\" \/>\n<meta name=\"twitter:card\" content=\"summary_large_image\" \/>\n<meta name=\"twitter:label1\" content=\"Gesch\u00e4tzte Lesezeit\" \/>\n\t<meta name=\"twitter:data1\" content=\"2\u00a0Minuten\" \/>\n<script type=\"application\/ld+json\" class=\"yoast-schema-graph\">{\"@context\":\"https:\\\/\\\/schema.org\",\"@graph\":[{\"@type\":\"WebPage\",\"@id\":\"https:\\\/\\\/www.alu-kon.hr\\\/de\\\/alu-glas-fassaden\\\/\",\"url\":\"https:\\\/\\\/www.alu-kon.hr\\\/de\\\/alu-glas-fassaden\\\/\",\"name\":\"ALU-GLAS FASSADEN - Alu-Kon\",\"isPartOf\":{\"@id\":\"https:\\\/\\\/www.alu-kon.hr\\\/en\\\/#website\"},\"primaryImageOfPage\":{\"@id\":\"https:\\\/\\\/www.alu-kon.hr\\\/de\\\/alu-glas-fassaden\\\/#primaryimage\"},\"image\":{\"@id\":\"https:\\\/\\\/www.alu-kon.hr\\\/de\\\/alu-glas-fassaden\\\/#primaryimage\"},\"thumbnailUrl\":\"https:\\\/\\\/www.alu-kon.hr\\\/wp-content\\\/uploads\\\/2019\\\/12\\\/VMD-Tuskanova-Vrbaniceva-5.jpg\",\"datePublished\":\"2019-08-23T08:25:25+00:00\",\"dateModified\":\"2022-10-19T07:59:56+00:00\",\"breadcrumb\":{\"@id\":\"https:\\\/\\\/www.alu-kon.hr\\\/de\\\/alu-glas-fassaden\\\/#breadcrumb\"},\"inLanguage\":\"de\",\"potentialAction\":[{\"@type\":\"ReadAction\",\"target\":[\"https:\\\/\\\/www.alu-kon.hr\\\/de\\\/alu-glas-fassaden\\\/\"]}]},{\"@type\":\"ImageObject\",\"inLanguage\":\"de\",\"@id\":\"https:\\\/\\\/www.alu-kon.hr\\\/de\\\/alu-glas-fassaden\\\/#primaryimage\",\"url\":\"https:\\\/\\\/www.alu-kon.hr\\\/wp-content\\\/uploads\\\/2019\\\/12\\\/VMD-Tuskanova-Vrbaniceva-5.jpg\",\"contentUrl\":\"https:\\\/\\\/www.alu-kon.hr\\\/wp-content\\\/uploads\\\/2019\\\/12\\\/VMD-Tuskanova-Vrbaniceva-5.jpg\"},{\"@type\":\"BreadcrumbList\",\"@id\":\"https:\\\/\\\/www.alu-kon.hr\\\/de\\\/alu-glas-fassaden\\\/#breadcrumb\",\"itemListElement\":[{\"@type\":\"ListItem\",\"position\":1,\"name\":\"Startseite\",\"item\":\"https:\\\/\\\/www.alu-kon.hr\\\/de\\\/\"},{\"@type\":\"ListItem\",\"position\":2,\"name\":\"ALU-GLAS FASSADEN\"}]},{\"@type\":\"WebSite\",\"@id\":\"https:\\\/\\\/www.alu-kon.hr\\\/en\\\/#website\",\"url\":\"https:\\\/\\\/www.alu-kon.hr\\\/en\\\/\",\"name\":\"Alu-Kon\",\"description\":\"Najbolja aluminijska stolarija\",\"potentialAction\":[{\"@type\":\"SearchAction\",\"target\":{\"@type\":\"EntryPoint\",\"urlTemplate\":\"https:\\\/\\\/www.alu-kon.hr\\\/en\\\/?s={search_term_string}\"},\"query-input\":{\"@type\":\"PropertyValueSpecification\",\"valueRequired\":true,\"valueName\":\"search_term_string\"}}],\"inLanguage\":\"de\"}]}<\/script>\n<!-- \/ Yoast SEO plugin. -->","yoast_head_json":{"title":"ALU-GLAS FASSADEN - Alu-Kon","robots":{"index":"index","follow":"follow","max-snippet":"max-snippet:-1","max-image-preview":"max-image-preview:large","max-video-preview":"max-video-preview:-1"},"canonical":"https:\/\/www.alu-kon.hr\/de\/alu-glas-fassaden\/","og_locale":"de_DE","og_type":"article","og_title":"ALU-GLAS FASSADEN - Alu-Kon","og_description":"\u00dcBER GLAS-ALU-FASSADEN Glas-Alu-Fassaden sind ein unvermeidliches Element in der modernen Architektur. Im Verlauf der Jahre, dank der Entwicklung der Glas-Alu-Fassaden-Systeme, wurde die Ausf\u00fchrung erstaunlicher und faszinierender Fassaden erm\u00f6glicht. Glas-Alu-Fassaden bestehen aus der tragenden Unterkonstruktion aus Aluminium, die aus Aluminium Fassadenprofilen hergestellt wird, meistens mit Isolierglasf\u00fcllung. Es gibt vier Arten von Glas-Alu-Fassaden: 1 PFOSTEN-RIEGEL-FASSADEN 2 STRUKTURELLE [&hellip;]","og_url":"https:\/\/www.alu-kon.hr\/de\/alu-glas-fassaden\/","og_site_name":"Alu-Kon","article_modified_time":"2022-10-19T07:59:56+00:00","og_image":[{"url":"https:\/\/www.alu-kon.hr\/wp-content\/uploads\/2019\/12\/VMD-Tuskanova-Vrbaniceva-5.jpg","type":"","width":"","height":""}],"twitter_card":"summary_large_image","twitter_misc":{"Gesch\u00e4tzte Lesezeit":"2\u00a0Minuten"},"schema":{"@context":"https:\/\/schema.org","@graph":[{"@type":"WebPage","@id":"https:\/\/www.alu-kon.hr\/de\/alu-glas-fassaden\/","url":"https:\/\/www.alu-kon.hr\/de\/alu-glas-fassaden\/","name":"ALU-GLAS FASSADEN - Alu-Kon","isPartOf":{"@id":"https:\/\/www.alu-kon.hr\/en\/#website"},"primaryImageOfPage":{"@id":"https:\/\/www.alu-kon.hr\/de\/alu-glas-fassaden\/#primaryimage"},"image":{"@id":"https:\/\/www.alu-kon.hr\/de\/alu-glas-fassaden\/#primaryimage"},"thumbnailUrl":"https:\/\/www.alu-kon.hr\/wp-content\/uploads\/2019\/12\/VMD-Tuskanova-Vrbaniceva-5.jpg","datePublished":"2019-08-23T08:25:25+00:00","dateModified":"2022-10-19T07:59:56+00:00","breadcrumb":{"@id":"https:\/\/www.alu-kon.hr\/de\/alu-glas-fassaden\/#breadcrumb"},"inLanguage":"de","potentialAction":[{"@type":"ReadAction","target":["https:\/\/www.alu-kon.hr\/de\/alu-glas-fassaden\/"]}]},{"@type":"ImageObject","inLanguage":"de","@id":"https:\/\/www.alu-kon.hr\/de\/alu-glas-fassaden\/#primaryimage","url":"https:\/\/www.alu-kon.hr\/wp-content\/uploads\/2019\/12\/VMD-Tuskanova-Vrbaniceva-5.jpg","contentUrl":"https:\/\/www.alu-kon.hr\/wp-content\/uploads\/2019\/12\/VMD-Tuskanova-Vrbaniceva-5.jpg"},{"@type":"BreadcrumbList","@id":"https:\/\/www.alu-kon.hr\/de\/alu-glas-fassaden\/#breadcrumb","itemListElement":[{"@type":"ListItem","position":1,"name":"Startseite","item":"https:\/\/www.alu-kon.hr\/de\/"},{"@type":"ListItem","position":2,"name":"ALU-GLAS FASSADEN"}]},{"@type":"WebSite","@id":"https:\/\/www.alu-kon.hr\/en\/#website","url":"https:\/\/www.alu-kon.hr\/en\/","name":"Alu-Kon","description":"Najbolja aluminijska stolarija","potentialAction":[{"@type":"SearchAction","target":{"@type":"EntryPoint","urlTemplate":"https:\/\/www.alu-kon.hr\/en\/?s={search_term_string}"},"query-input":{"@type":"PropertyValueSpecification","valueRequired":true,"valueName":"search_term_string"}}],"inLanguage":"de"}]}},"_links":{"self":[{"href":"https:\/\/www.alu-kon.hr\/de\/wp-json\/wp\/v2\/pages\/1162","targetHints":{"allow":["GET"]}}],"collection":[{"href":"https:\/\/www.alu-kon.hr\/de\/wp-json\/wp\/v2\/pages"}],"about":[{"href":"https:\/\/www.alu-kon.hr\/de\/wp-json\/wp\/v2\/types\/page"}],"author":[{"embeddable":true,"href":"https:\/\/www.alu-kon.hr\/de\/wp-json\/wp\/v2\/users\/1"}],"replies":[{"embeddable":true,"href":"https:\/\/www.alu-kon.hr\/de\/wp-json\/wp\/v2\/comments?post=1162"}],"version-history":[{"count":0,"href":"https:\/\/www.alu-kon.hr\/de\/wp-json\/wp\/v2\/pages\/1162\/revisions"}],"wp:attachment":[{"href":"https:\/\/www.alu-kon.hr\/de\/wp-json\/wp\/v2\/media?parent=1162"}],"curies":[{"name":"wp","href":"https:\/\/api.w.org\/{rel}","templated":true}]}}