{"id":1572,"date":"2021-02-10T12:32:13","date_gmt":"2021-02-10T12:32:13","guid":{"rendered":"https:\/\/www.alu-kon.hr\/services\/"},"modified":"2021-02-26T16:23:15","modified_gmt":"2021-02-26T16:23:15","slug":"dienstleistungend","status":"publish","type":"page","link":"https:\/\/www.alu-kon.hr\/de\/dienstleistungend\/","title":{"rendered":"Dienstleistungend"},"content":{"rendered":"\n\n    <h1><\/h1>\n    <h2>PROJEKTIERUNG:<\/h2>\n    <ul>\n        <li><a href=\"\/de\/alu-glas-fassaden\/\">Aluminium-Glasfassaden<\/a><\/li>\n        <li><strong>Glasfassaden<\/strong><\/li>\n        <li><a href=\"\/de\/hinterlueftete-fassaden\/\">Ventilierte Fassaden<\/a><\/li>\n        <li><a href=\"\/de\/fenster-und-turen-aus-aluminium\/\">Aluminium-Tischlerei<\/a><\/li>\n    <\/ul>\n    <p>In ihrer drei\u00dfigj\u00e4hrigen T\u00e4tigkeit hat die Firma ALU-KON viel Wissen und Erfahrung in der Erstellung von Aluminium-Glasfassaden, Glasfassaden, ventilierten Fassaden und Aluminium-Tischlerei gesammelt.<\/p>\n    <p>Die Ingenieure aus der Firma ALU-KON projektieren nach Bedarf des Kunden die komplette Fassadenummantelung bis zum kleinsten Detail und bieten hochwertige L\u00f6sungen f\u00fcr die Ausf\u00fchrung f\u00fcr jede technische Herausforderung bei der Projektierung.<\/p>\n    <p>ALU-KON bietet die Dienstleistung der Projektierung und Ausarbeitung von Details der Fassade des Geb\u00e4udes an, die f\u00fcr eine hochwertige Erstellung von Aluminium-Glasfassaden, ventilierten Fassaden und Aluminium-Tischlerei notwendig sind.<\/p>\n<h2>\n\t\tDie Firma ALU-KON umfasst in ihrem Herstellungsbetrieb mehrere unterschiedliche technologische Prozesse und bietet folgende Dienstleistungen an:\n\t<\/h2>\n    <img decoding=\"async\" src=\"\/wp-content\/uploads\/2019\/08\/logo-fade.png\" alt=\"Alukon Logo\"\/>\n    <img decoding=\"async\" src=\"\/wp-content\/uploads\/2021\/02\/1.jpg\" alt=\"Ventilirane fasade\"\/>\n    <h2>1. PLASTIFIZIERUNG:<\/h2>\n    <ul>\n        <li>Oberfl\u00e4chenschutz von Materialien durch elektrostatische \u00dcberziehung einer Schicht des Polymers PVDF oder PE<\/li>\n        <li>Farbe nach der RAL-Standardkarte oder aus dem Angebot des Herstellers von Plastikpulver TIGER<\/li>\n        <li>maximale Abmessungen: L\u00e4nge 7 m, Breite bis 1.5 m<\/li>\n        <li>Materialien, die plastifiziert werden k\u00f6nnen: Stahl und Aluminium<\/li>\n    <\/ul>\n    <h2>2. BEARBEITUNG VON BLECH:<\/h2>\n    <ul>\n        <li>Schneiden und Biegen von Aluminium- und Stahlblech &#8211; hydraulische Pressen und Biegevorrichtungen<\/li>\n        <li>Aluminiumblech bis 8 mm, Stahlblech bis 5 mm<\/li>\n        <li>Perforierung von Blech nach dem Muster nach Wahl &#8211; CNC Durchschlagvorrichtung TRUMPF<\/li>\n        <li>Aluminiumblech bis 5 mm Ausschneiden von Formen nach Wahl &#8211; CNC Bearbeitungszentrum &#8211; CASSADEI ALU RANGER<\/li>\n        <li>Kasettierung von Blech<\/li>\n    <\/ul>\n    <img decoding=\"async\" src=\"\/wp-content\/uploads\/2021\/02\/2.jpg\" alt=\"O Aluminiju\"\/>\n    <img decoding=\"async\" src=\"\/wp-content\/uploads\/2021\/02\/3.jpg\" alt=\"Ventilirane fasade\"\/>\n    <h2>3. BEARBEITUNG VON PROFILEN:<\/h2>\n    <ul>\n        <li>Aluminium &#8211; und Stahlprofile bis zu 7 m<\/li>\n        <li>passgerechtes Schneiden von Profilen mit unterschiedlichen Winkeln<\/li>\n        <li>CNC maschinelle Bearbeitung (Bohren, Fr\u00e4sen, Einschneiden von Gewinde) &#8211; CNC Bearbeitungszentrum ELUMATEC SBZ 130<\/li>\n        <li>CNC Anschneiden von Profilen &#8211; ELUMATEC AKS 134\/64<\/li>\n        <li>Zusammensetzung und Einpressen von Profilen mit einer Unterbrechung der W\u00e4rmebr\u00fccke<\/li>\n    <\/ul>\n    <h2>4. BEARBEITUNG VON GLAS:<\/h2>\n    <ul>\n        <li>CNC Schneiden, Bohren, Schleifen &#8211; CNC Bearbeitungszentrum BIMATECH<\/li>\n        <li>CNC Schneiden &#8211; CNC Bearbeitungszentrum FRONTECH<\/li>\n        <li>Zusammensetzung von Isolierglas<\/li>\n        <li>maximale kleinere Abmessung des Glases: 2,5 m<\/li>\n    <\/ul>\n    <img decoding=\"async\" src=\"\/wp-content\/uploads\/2021\/02\/4.jpg\" alt=\"O Aluminiju\"\/>\n    <img decoding=\"async\" src=\"\/wp-content\/uploads\/2021\/02\/6.jpg\" alt=\"Ventilirane fasade\"\/>\n    <h2>5. SCHLOSSEREI-METALLBAU:<\/h2>\n    <ul>\n        <li>Bearbeitung und Schwei\u00dfen von Stahl &#8211; und Aluminiumprofilen und &#8211; blechen<\/li>\n        <li>MIG, MAG und TIG Schwei\u00dfen<\/li>\n        <li>Durchschlagen von Stahlblechen bis zu 20 mm &#8211; hydraulische Durchschlagvorrichtung<\/li>\n    <\/ul>\n    <h2>6. BEARBEITUNG VON ALUMINIUM-VERBUNDPLATTEN (ALUCOBOND):<\/h2>\n    <ul>\n        <li>Schneiden, Anschneiden und Ausschneiden von Formen nach Wahl &#8211; CNC Bearbeitungszentrum &#8211; CASSADEI ALU RANGER<\/li>\n        <li>Kasettierung von Aluminium-Verbundplatten<\/li>\n        <li>Bearbeitung und Verdecken von R\u00e4ndern der Alucobond-Platten &#8211; CASSADEI ALU BENDER<\/li>\n    <\/ul>\n    <img decoding=\"async\" src=\"\/wp-content\/uploads\/2021\/02\/5.jpg\" alt=\"O Aluminiju\"\/>\n    <img decoding=\"async\" src=\"\/wp-content\/uploads\/2021\/02\/alu-kon-sklapanje.jpg\" alt=\"Montage\"\/>\n    <h2>7. MONTAGE:<\/h2>\n    <ul>\n        <li>Aluminium Fenster und T\u00fcren<\/li>\n        <li>Aluminium Pfosten-Riegeln Fassaden<\/li>\n        <li>Aluminium Element Fassaden<\/li>\n    <\/ul>\n\n","protected":false},"excerpt":{"rendered":"<p>PROJEKTIERUNG: Aluminium-Glasfassaden Glasfassaden Ventilierte Fassaden Aluminium-Tischlerei In ihrer drei\u00dfigj\u00e4hrigen T\u00e4tigkeit hat die Firma ALU-KON viel Wissen und Erfahrung in der Erstellung von Aluminium-Glasfassaden, Glasfassaden, ventilierten Fassaden und Aluminium-Tischlerei gesammelt. Die Ingenieure aus der Firma ALU-KON projektieren nach Bedarf des Kunden die komplette Fassadenummantelung bis zum kleinsten Detail und bieten hochwertige L\u00f6sungen f\u00fcr die Ausf\u00fchrung f\u00fcr [&hellip;]<\/p>\n","protected":false},"author":1,"featured_media":0,"parent":0,"menu_order":0,"comment_status":"closed","ping_status":"closed","template":"","meta":{"footnotes":""},"class_list":["post-1572","page","type-page","status-publish","hentry"],"yoast_head":"<!-- This site is optimized with the Yoast SEO plugin v27.4 - https:\/\/yoast.com\/product\/yoast-seo-wordpress\/ -->\n<title>Dienstleistungend - Alu-Kon<\/title>\n<meta name=\"robots\" content=\"index, follow, max-snippet:-1, max-image-preview:large, max-video-preview:-1\" \/>\n<link rel=\"canonical\" href=\"https:\/\/www.alu-kon.hr\/de\/dienstleistungend\/\" \/>\n<meta property=\"og:locale\" content=\"de_DE\" \/>\n<meta property=\"og:type\" content=\"article\" \/>\n<meta property=\"og:title\" content=\"Dienstleistungend - Alu-Kon\" \/>\n<meta property=\"og:description\" content=\"PROJEKTIERUNG: Aluminium-Glasfassaden Glasfassaden Ventilierte Fassaden Aluminium-Tischlerei In ihrer drei\u00dfigj\u00e4hrigen T\u00e4tigkeit hat die Firma ALU-KON viel Wissen und Erfahrung in der Erstellung von Aluminium-Glasfassaden, Glasfassaden, ventilierten Fassaden und Aluminium-Tischlerei gesammelt. Die Ingenieure aus der Firma ALU-KON projektieren nach Bedarf des Kunden die komplette Fassadenummantelung bis zum kleinsten Detail und bieten hochwertige L\u00f6sungen f\u00fcr die Ausf\u00fchrung f\u00fcr [&hellip;]\" \/>\n<meta property=\"og:url\" content=\"https:\/\/www.alu-kon.hr\/de\/dienstleistungend\/\" \/>\n<meta property=\"og:site_name\" content=\"Alu-Kon\" \/>\n<meta property=\"article:modified_time\" content=\"2021-02-26T16:23:15+00:00\" \/>\n<meta name=\"twitter:card\" content=\"summary_large_image\" \/>\n<meta name=\"twitter:label1\" content=\"Gesch\u00e4tzte Lesezeit\" \/>\n\t<meta name=\"twitter:data1\" content=\"3\u00a0Minuten\" \/>\n<script type=\"application\/ld+json\" class=\"yoast-schema-graph\">{\"@context\":\"https:\\\/\\\/schema.org\",\"@graph\":[{\"@type\":\"WebPage\",\"@id\":\"https:\\\/\\\/www.alu-kon.hr\\\/de\\\/dienstleistungend\\\/\",\"url\":\"https:\\\/\\\/www.alu-kon.hr\\\/de\\\/dienstleistungend\\\/\",\"name\":\"Dienstleistungend - Alu-Kon\",\"isPartOf\":{\"@id\":\"https:\\\/\\\/www.alu-kon.hr\\\/en\\\/#website\"},\"datePublished\":\"2021-02-10T12:32:13+00:00\",\"dateModified\":\"2021-02-26T16:23:15+00:00\",\"breadcrumb\":{\"@id\":\"https:\\\/\\\/www.alu-kon.hr\\\/de\\\/dienstleistungend\\\/#breadcrumb\"},\"inLanguage\":\"de\",\"potentialAction\":[{\"@type\":\"ReadAction\",\"target\":[\"https:\\\/\\\/www.alu-kon.hr\\\/de\\\/dienstleistungend\\\/\"]}]},{\"@type\":\"BreadcrumbList\",\"@id\":\"https:\\\/\\\/www.alu-kon.hr\\\/de\\\/dienstleistungend\\\/#breadcrumb\",\"itemListElement\":[{\"@type\":\"ListItem\",\"position\":1,\"name\":\"Startseite\",\"item\":\"https:\\\/\\\/www.alu-kon.hr\\\/de\\\/\"},{\"@type\":\"ListItem\",\"position\":2,\"name\":\"Dienstleistungend\"}]},{\"@type\":\"WebSite\",\"@id\":\"https:\\\/\\\/www.alu-kon.hr\\\/en\\\/#website\",\"url\":\"https:\\\/\\\/www.alu-kon.hr\\\/en\\\/\",\"name\":\"Alu-Kon\",\"description\":\"Najbolja aluminijska stolarija\",\"potentialAction\":[{\"@type\":\"SearchAction\",\"target\":{\"@type\":\"EntryPoint\",\"urlTemplate\":\"https:\\\/\\\/www.alu-kon.hr\\\/en\\\/?s={search_term_string}\"},\"query-input\":{\"@type\":\"PropertyValueSpecification\",\"valueRequired\":true,\"valueName\":\"search_term_string\"}}],\"inLanguage\":\"de\"}]}<\/script>\n<!-- \/ Yoast SEO plugin. -->","yoast_head_json":{"title":"Dienstleistungend - Alu-Kon","robots":{"index":"index","follow":"follow","max-snippet":"max-snippet:-1","max-image-preview":"max-image-preview:large","max-video-preview":"max-video-preview:-1"},"canonical":"https:\/\/www.alu-kon.hr\/de\/dienstleistungend\/","og_locale":"de_DE","og_type":"article","og_title":"Dienstleistungend - Alu-Kon","og_description":"PROJEKTIERUNG: Aluminium-Glasfassaden Glasfassaden Ventilierte Fassaden Aluminium-Tischlerei In ihrer drei\u00dfigj\u00e4hrigen T\u00e4tigkeit hat die Firma ALU-KON viel Wissen und Erfahrung in der Erstellung von Aluminium-Glasfassaden, Glasfassaden, ventilierten Fassaden und Aluminium-Tischlerei gesammelt. Die Ingenieure aus der Firma ALU-KON projektieren nach Bedarf des Kunden die komplette Fassadenummantelung bis zum kleinsten Detail und bieten hochwertige L\u00f6sungen f\u00fcr die Ausf\u00fchrung f\u00fcr [&hellip;]","og_url":"https:\/\/www.alu-kon.hr\/de\/dienstleistungend\/","og_site_name":"Alu-Kon","article_modified_time":"2021-02-26T16:23:15+00:00","twitter_card":"summary_large_image","twitter_misc":{"Gesch\u00e4tzte Lesezeit":"3\u00a0Minuten"},"schema":{"@context":"https:\/\/schema.org","@graph":[{"@type":"WebPage","@id":"https:\/\/www.alu-kon.hr\/de\/dienstleistungend\/","url":"https:\/\/www.alu-kon.hr\/de\/dienstleistungend\/","name":"Dienstleistungend - Alu-Kon","isPartOf":{"@id":"https:\/\/www.alu-kon.hr\/en\/#website"},"datePublished":"2021-02-10T12:32:13+00:00","dateModified":"2021-02-26T16:23:15+00:00","breadcrumb":{"@id":"https:\/\/www.alu-kon.hr\/de\/dienstleistungend\/#breadcrumb"},"inLanguage":"de","potentialAction":[{"@type":"ReadAction","target":["https:\/\/www.alu-kon.hr\/de\/dienstleistungend\/"]}]},{"@type":"BreadcrumbList","@id":"https:\/\/www.alu-kon.hr\/de\/dienstleistungend\/#breadcrumb","itemListElement":[{"@type":"ListItem","position":1,"name":"Startseite","item":"https:\/\/www.alu-kon.hr\/de\/"},{"@type":"ListItem","position":2,"name":"Dienstleistungend"}]},{"@type":"WebSite","@id":"https:\/\/www.alu-kon.hr\/en\/#website","url":"https:\/\/www.alu-kon.hr\/en\/","name":"Alu-Kon","description":"Najbolja aluminijska stolarija","potentialAction":[{"@type":"SearchAction","target":{"@type":"EntryPoint","urlTemplate":"https:\/\/www.alu-kon.hr\/en\/?s={search_term_string}"},"query-input":{"@type":"PropertyValueSpecification","valueRequired":true,"valueName":"search_term_string"}}],"inLanguage":"de"}]}},"_links":{"self":[{"href":"https:\/\/www.alu-kon.hr\/de\/wp-json\/wp\/v2\/pages\/1572","targetHints":{"allow":["GET"]}}],"collection":[{"href":"https:\/\/www.alu-kon.hr\/de\/wp-json\/wp\/v2\/pages"}],"about":[{"href":"https:\/\/www.alu-kon.hr\/de\/wp-json\/wp\/v2\/types\/page"}],"author":[{"embeddable":true,"href":"https:\/\/www.alu-kon.hr\/de\/wp-json\/wp\/v2\/users\/1"}],"replies":[{"embeddable":true,"href":"https:\/\/www.alu-kon.hr\/de\/wp-json\/wp\/v2\/comments?post=1572"}],"version-history":[{"count":0,"href":"https:\/\/www.alu-kon.hr\/de\/wp-json\/wp\/v2\/pages\/1572\/revisions"}],"wp:attachment":[{"href":"https:\/\/www.alu-kon.hr\/de\/wp-json\/wp\/v2\/media?parent=1572"}],"curies":[{"name":"wp","href":"https:\/\/api.w.org\/{rel}","templated":true}]}}